{"id":10762,"date":"2022-11-04T10:12:12","date_gmt":"2022-11-04T09:12:12","guid":{"rendered":"https:\/\/www.tecnitasa.es\/?page_id=10762"},"modified":"2024-09-20T10:19:40","modified_gmt":"2024-09-20T08:19:40","slug":"young-appraisal-hire","status":"publish","type":"page","link":"https:\/\/www.tecnitasa.es\/en\/young-appraisal-hire\/","title":{"rendered":"Young appraisal hire"},"content":{"rendered":"","protected":true},"excerpt":{"rendered":"","protected":true},"author":1,"featured_media":0,"parent":0,"menu_order":0,"comment_status":"closed","ping_status":"closed","template":"elementor_canvas","meta":{"_acf_changed":false,"footnotes":""},"class_list":["post-10762","page","type-page","status-publish","post-password-required","hentry"],"acf":[],"yoast_head":"<!-- This site is optimized with the Yoast SEO plugin v25.7 - https:\/\/yoast.com\/wordpress\/plugins\/seo\/ -->\n<title>Young appraisal hire - Grupo Tecnitasa<\/title>\n<meta name=\"robots\" content=\"index, follow, max-snippet:-1, max-image-preview:large, max-video-preview:-1\" \/>\n<link rel=\"canonical\" href=\"https:\/\/www.tecnitasa.es\/tasacionjoven-contratar\/\" \/>\n<meta property=\"og:locale\" content=\"en_US\" \/>\n<meta property=\"og:type\" content=\"article\" \/>\n<meta property=\"og:title\" content=\"Young appraisal hire - Grupo Tecnitasa\" \/>\n<meta property=\"og:description\" content=\"There is no excerpt because this is a protected post.\" \/>\n<meta property=\"og:url\" content=\"https:\/\/www.tecnitasa.es\/tasacionjoven-contratar\/\" \/>\n<meta property=\"og:site_name\" content=\"Grupo Tecnitasa\" \/>\n<meta property=\"article:modified_time\" content=\"2024-09-20T08:19:40+00:00\" \/>\n<meta name=\"twitter:card\" content=\"summary_large_image\" \/>\n<meta name=\"twitter:label1\" content=\"Est. reading time\" \/>\n\t<meta name=\"twitter:data1\" content=\"1 minute\" \/>\n<script type=\"application\/ld+json\" class=\"yoast-schema-graph\">{\"@context\":\"https:\/\/schema.org\",\"@graph\":[{\"@type\":\"WebPage\",\"@id\":\"https:\/\/www.tecnitasa.es\/tasacionjoven-contratar\/\",\"url\":\"https:\/\/www.tecnitasa.es\/tasacionjoven-contratar\/\",\"name\":\"Young appraisal hire - Grupo Tecnitasa\",\"isPartOf\":{\"@id\":\"https:\/\/www.tecnitasa.es\/#website\"},\"datePublished\":\"2022-11-04T09:12:12+00:00\",\"dateModified\":\"2024-09-20T08:19:40+00:00\",\"breadcrumb\":{\"@id\":\"https:\/\/www.tecnitasa.es\/tasacionjoven-contratar\/#breadcrumb\"},\"inLanguage\":\"en-US\"},{\"@type\":\"WebSite\",\"@id\":\"https:\/\/www.tecnitasa.es\/#website\",\"url\":\"https:\/\/www.tecnitasa.es\/\",\"name\":\"Grupo Tecnitasa\",\"description\":\"Valoraci\u00f3n, Tasaci\u00f3n, Consultor\u00eda y Sostenibilidad.\",\"publisher\":{\"@id\":\"https:\/\/www.tecnitasa.es\/#organization\"},\"potentialAction\":[{\"@type\":\"SearchAction\",\"target\":{\"@type\":\"EntryPoint\",\"urlTemplate\":\"https:\/\/www.tecnitasa.es\/?s={search_term_string}\"},\"query-input\":{\"@type\":\"PropertyValueSpecification\",\"valueRequired\":true,\"valueName\":\"search_term_string\"}}],\"inLanguage\":\"en-US\"},{\"@type\":\"Organization\",\"@id\":\"https:\/\/www.tecnitasa.es\/#organization\",\"name\":\"TECNITASA\",\"url\":\"https:\/\/www.tecnitasa.es\/\",\"logo\":{\"@type\":\"ImageObject\",\"inLanguage\":\"en-US\",\"@id\":\"https:\/\/www.tecnitasa.es\/#\/schema\/logo\/image\/\",\"url\":\"https:\/\/www.tecnitasa.es\/wp-content\/uploads\/2021\/11\/logo-tecnitasa-rojo.png\",\"contentUrl\":\"https:\/\/www.tecnitasa.es\/wp-content\/uploads\/2021\/11\/logo-tecnitasa-rojo.png\",\"width\":500,\"height\":70,\"caption\":\"TECNITASA\"},\"image\":{\"@id\":\"https:\/\/www.tecnitasa.es\/#\/schema\/logo\/image\/\"}}]}<\/script>\n<!-- \/ Yoast SEO plugin. -->","yoast_head_json":{"title":"Young appraisal hire - Grupo Tecnitasa","robots":{"index":"index","follow":"follow","max-snippet":"max-snippet:-1","max-image-preview":"max-image-preview:large","max-video-preview":"max-video-preview:-1"},"canonical":"https:\/\/www.tecnitasa.es\/tasacionjoven-contratar\/","og_locale":"en_US","og_type":"article","og_title":"Young appraisal hire - Grupo Tecnitasa","og_description":"There is no excerpt because this is a protected post.","og_url":"https:\/\/www.tecnitasa.es\/tasacionjoven-contratar\/","og_site_name":"Grupo Tecnitasa","article_modified_time":"2024-09-20T08:19:40+00:00","twitter_card":"summary_large_image","twitter_misc":{"Est. reading time":"1 minute"},"schema":{"@context":"https:\/\/schema.org","@graph":[{"@type":"WebPage","@id":"https:\/\/www.tecnitasa.es\/tasacionjoven-contratar\/","url":"https:\/\/www.tecnitasa.es\/tasacionjoven-contratar\/","name":"Young appraisal hire - Grupo Tecnitasa","isPartOf":{"@id":"https:\/\/www.tecnitasa.es\/#website"},"datePublished":"2022-11-04T09:12:12+00:00","dateModified":"2024-09-20T08:19:40+00:00","breadcrumb":{"@id":"https:\/\/www.tecnitasa.es\/tasacionjoven-contratar\/#breadcrumb"},"inLanguage":"en-US"},{"@type":"WebSite","@id":"https:\/\/www.tecnitasa.es\/#website","url":"https:\/\/www.tecnitasa.es\/","name":"Grupo Tecnitasa","description":"Valoraci\u00f3n, Tasaci\u00f3n, Consultor\u00eda y Sostenibilidad.","publisher":{"@id":"https:\/\/www.tecnitasa.es\/#organization"},"potentialAction":[{"@type":"SearchAction","target":{"@type":"EntryPoint","urlTemplate":"https:\/\/www.tecnitasa.es\/?s={search_term_string}"},"query-input":{"@type":"PropertyValueSpecification","valueRequired":true,"valueName":"search_term_string"}}],"inLanguage":"en-US"},{"@type":"Organization","@id":"https:\/\/www.tecnitasa.es\/#organization","name":"TECNITASA","url":"https:\/\/www.tecnitasa.es\/","logo":{"@type":"ImageObject","inLanguage":"en-US","@id":"https:\/\/www.tecnitasa.es\/#\/schema\/logo\/image\/","url":"https:\/\/www.tecnitasa.es\/wp-content\/uploads\/2021\/11\/logo-tecnitasa-rojo.png","contentUrl":"https:\/\/www.tecnitasa.es\/wp-content\/uploads\/2021\/11\/logo-tecnitasa-rojo.png","width":500,"height":70,"caption":"TECNITASA"},"image":{"@id":"https:\/\/www.tecnitasa.es\/#\/schema\/logo\/image\/"}}]}},"_links":{"self":[{"href":"https:\/\/www.tecnitasa.es\/en\/wp-json\/wp\/v2\/pages\/10762","targetHints":{"allow":["GET"]}}],"collection":[{"href":"https:\/\/www.tecnitasa.es\/en\/wp-json\/wp\/v2\/pages"}],"about":[{"href":"https:\/\/www.tecnitasa.es\/en\/wp-json\/wp\/v2\/types\/page"}],"author":[{"embeddable":true,"href":"https:\/\/www.tecnitasa.es\/en\/wp-json\/wp\/v2\/users\/1"}],"replies":[{"embeddable":true,"href":"https:\/\/www.tecnitasa.es\/en\/wp-json\/wp\/v2\/comments?post=10762"}],"version-history":[{"count":0,"href":"https:\/\/www.tecnitasa.es\/en\/wp-json\/wp\/v2\/pages\/10762\/revisions"}],"wp:attachment":[{"href":"https:\/\/www.tecnitasa.es\/en\/wp-json\/wp\/v2\/media?parent=10762"}],"curies":[{"name":"wp","href":"https:\/\/api.w.org\/{rel}","templated":true}]}}