{"id":10764,"date":"2023-01-25T18:10:55","date_gmt":"2023-01-25T17:10:55","guid":{"rendered":"https:\/\/www.tecnitasa.es\/?page_id=10764"},"modified":"2023-12-28T12:57:08","modified_gmt":"2023-12-28T11:57:08","slug":"young-appraisal-hire-ok","status":"publish","type":"page","link":"https:\/\/www.tecnitasa.es\/en\/young-appraisal-hire-ok\/","title":{"rendered":"Young appraisal hire OK"},"content":{"rendered":"\t\t<div data-elementor-type=\"wp-page\" data-elementor-id=\"10764\" class=\"elementor elementor-10764 elementor-8142\" data-elementor-post-type=\"page\">\n\t\t\t\t\t\t<section class=\"elementor-section elementor-top-section elementor-element elementor-element-fbbdc9e elementor-section-content-middle elementor-section-boxed elementor-section-height-default elementor-section-height-default\" data-id=\"fbbdc9e\" data-element_type=\"section\" data-settings=\"{&quot;jet_parallax_layout_list&quot;:[{&quot;_id&quot;:&quot;4ca8e96&quot;,&quot;jet_parallax_layout_image&quot;:{&quot;url&quot;:&quot;&quot;,&quot;id&quot;:&quot;&quot;,&quot;size&quot;:&quot;&quot;},&quot;jet_parallax_layout_image_tablet&quot;:{&quot;url&quot;:&quot;&quot;,&quot;id&quot;:&quot;&quot;,&quot;size&quot;:&quot;&quot;},&quot;jet_parallax_layout_image_mobile&quot;:{&quot;url&quot;:&quot;&quot;,&quot;id&quot;:&quot;&quot;,&quot;size&quot;:&quot;&quot;},&quot;jet_parallax_layout_speed&quot;:{&quot;unit&quot;:&quot;%&quot;,&quot;size&quot;:50,&quot;sizes&quot;:[]},&quot;jet_parallax_layout_type&quot;:&quot;scroll&quot;,&quot;jet_parallax_layout_direction&quot;:&quot;1&quot;,&quot;jet_parallax_layout_fx_direction&quot;:null,&quot;jet_parallax_layout_z_index&quot;:&quot;&quot;,&quot;jet_parallax_layout_bg_x&quot;:50,&quot;jet_parallax_layout_bg_x_tablet&quot;:&quot;&quot;,&quot;jet_parallax_layout_bg_x_mobile&quot;:&quot;&quot;,&quot;jet_parallax_layout_bg_y&quot;:50,&quot;jet_parallax_layout_bg_y_tablet&quot;:&quot;&quot;,&quot;jet_parallax_layout_bg_y_mobile&quot;:&quot;&quot;,&quot;jet_parallax_layout_bg_size&quot;:&quot;auto&quot;,&quot;jet_parallax_layout_bg_size_tablet&quot;:&quot;&quot;,&quot;jet_parallax_layout_bg_size_mobile&quot;:&quot;&quot;,&quot;jet_parallax_layout_animation_prop&quot;:&quot;transform&quot;,&quot;jet_parallax_layout_on&quot;:[&quot;desktop&quot;,&quot;tablet&quot;]}],&quot;background_background&quot;:&quot;classic&quot;}\">\n\t\t\t\t\t\t<div class=\"elementor-container elementor-column-gap-no\">\n\t\t\t\t\t<div class=\"elementor-column elementor-col-100 elementor-top-column elementor-element elementor-element-8514fed\" data-id=\"8514fed\" data-element_type=\"column\">\n\t\t\t<div class=\"elementor-widget-wrap elementor-element-populated\">\n\t\t\t\t\t\t<section class=\"elementor-section elementor-inner-section elementor-element elementor-element-1530f4d elementor-section-boxed elementor-section-height-default elementor-section-height-default\" data-id=\"1530f4d\" data-element_type=\"section\" data-settings=\"{&quot;jet_parallax_layout_list&quot;:[{&quot;_id&quot;:&quot;cf27bee&quot;,&quot;jet_parallax_layout_image&quot;:{&quot;url&quot;:&quot;&quot;,&quot;id&quot;:&quot;&quot;,&quot;size&quot;:&quot;&quot;},&quot;jet_parallax_layout_image_tablet&quot;:{&quot;url&quot;:&quot;&quot;,&quot;id&quot;:&quot;&quot;,&quot;size&quot;:&quot;&quot;},&quot;jet_parallax_layout_image_mobile&quot;:{&quot;url&quot;:&quot;&quot;,&quot;id&quot;:&quot;&quot;,&quot;size&quot;:&quot;&quot;},&quot;jet_parallax_layout_speed&quot;:{&quot;unit&quot;:&quot;%&quot;,&quot;size&quot;:50,&quot;sizes&quot;:[]},&quot;jet_parallax_layout_type&quot;:&quot;scroll&quot;,&quot;jet_parallax_layout_direction&quot;:&quot;1&quot;,&quot;jet_parallax_layout_fx_direction&quot;:null,&quot;jet_parallax_layout_z_index&quot;:&quot;&quot;,&quot;jet_parallax_layout_bg_x&quot;:50,&quot;jet_parallax_layout_bg_x_tablet&quot;:&quot;&quot;,&quot;jet_parallax_layout_bg_x_mobile&quot;:&quot;&quot;,&quot;jet_parallax_layout_bg_y&quot;:50,&quot;jet_parallax_layout_bg_y_tablet&quot;:&quot;&quot;,&quot;jet_parallax_layout_bg_y_mobile&quot;:&quot;&quot;,&quot;jet_parallax_layout_bg_size&quot;:&quot;auto&quot;,&quot;jet_parallax_layout_bg_size_tablet&quot;:&quot;&quot;,&quot;jet_parallax_layout_bg_size_mobile&quot;:&quot;&quot;,&quot;jet_parallax_layout_animation_prop&quot;:&quot;transform&quot;,&quot;jet_parallax_layout_on&quot;:[&quot;desktop&quot;,&quot;tablet&quot;]}]}\">\n\t\t\t\t\t\t<div class=\"elementor-container elementor-column-gap-default\">\n\t\t\t\t\t<div class=\"elementor-column elementor-col-100 elementor-inner-column elementor-element elementor-element-808bd42\" data-id=\"808bd42\" data-element_type=\"column\">\n\t\t\t<div class=\"elementor-widget-wrap elementor-element-populated\">\n\t\t\t\t\t\t<div class=\"elementor-element elementor-element-f958b8d elementor-view-default elementor-position-top elementor-mobile-position-top elementor-widget elementor-widget-icon-box\" data-id=\"f958b8d\" data-element_type=\"widget\" data-widget_type=\"icon-box.default\">\n\t\t\t\t<div class=\"elementor-widget-container\">\n\t\t\t\t\t\t\t<div class=\"elementor-icon-box-wrapper\">\n\n\t\t\t\t\t\t<div class=\"elementor-icon-box-icon\">\n\t\t\t\t<span  class=\"elementor-icon elementor-animation-grow\">\n\t\t\t\t<svg xmlns=\"http:\/\/www.w3.org\/2000\/svg\" xmlns:xlink=\"http:\/\/www.w3.org\/1999\/xlink\" id=\"Capa_1\" x=\"0px\" y=\"0px\" viewBox=\"0 0 512 512\" style=\"enable-background:new 0 0 512 512;\" xml:space=\"preserve\"><style type=\"text\/css\">\t.st0{fill:#18AA5D;}<\/style><g>\t<g>\t\t<path d=\"M407,385.2c-4.5-3.1-10.8-2-13.9,2.5c-3,4.4-6.5,8.7-10.3,12.7c-2.5,2.7-6,6-9.8,9.2c-4.2,3.6-4.7,9.9-1.1,14.1    c2,2.3,4.8,3.5,7.6,3.5c2.3,0,4.6-0.8,6.5-2.4c4.4-3.8,8.4-7.5,11.4-10.8c4.4-4.7,8.5-9.8,12.1-15    C412.7,394.6,411.6,388.4,407,385.2z\"><\/path>\t<\/g><\/g><g>\t<g>\t\t<path d=\"M363.5,430.1c-2.3-5-8.3-7.2-13.3-4.8l-0.3,0.1c-5.1,2.2-7.3,8.1-5.1,13.2c1.6,3.7,5.3,6,9.2,6c1.3,0,2.7-0.3,4-0.9    c0.2-0.1,0.5-0.2,0.7-0.3C363.7,441,365.8,435.1,363.5,430.1z\"><\/path>\t<\/g><\/g><g>\t<g>\t\t<path d=\"M482.1,26H29.9C13.4,26,0,39.4,0,55.9v280.3C0,352.6,13.4,366,29.9,366h210.6c8.9,37.8,29.1,64.5,46.8,81.7    c25.8,25,55.3,38.3,66.7,38.3c11.4,0,40.9-13.3,66.7-38.3c17.6-17.1,37.8-43.9,46.8-81.7h14.8c16.5,0,29.9-13.4,29.9-29.9V55.9    C512,39.4,498.6,26,482.1,26z M452,325c0,52.7-24.3,87.6-44.7,107.7c-24.2,23.8-49,33-53.4,33.3c-4.3-0.3-29.2-9.5-53.4-33.3    c-20.4-20-44.7-55-44.7-107.7v-49.2c34.4-10,66.6-23.6,98.1-41.5c30.8,17.5,64.4,31.7,98.1,41.5V325z M492,336.1    c0,5.4-4.4,9.9-9.9,9.9h-11.3c0.8-6.7,1.2-13.7,1.2-21v-56.8c0-4.5-3-8.5-7.4-9.6c-36.3-9.9-72.9-25.2-105.7-44.4    c-3.1-1.8-7-1.8-10.1,0c-33.7,19.8-68.3,34.3-105.7,44.4c-4.4,1.2-7.4,5.1-7.4,9.6V325c0,7.3,0.4,14.3,1.2,21H29.9    c-5.4,0-9.9-4.4-9.9-9.9V166h472V336.1z M492,146H20v-40h472V146z M492,86H20V55.9c0-5.4,4.4-9.9,9.9-9.9h452.3    c5.4,0,9.9,4.4,9.9,9.9V86z\"><\/path>\t<\/g><\/g><g>\t<g>\t\t<path d=\"M120,236c-6,0-12,1.2-17.5,3.5c-5.4-2.3-11.3-3.5-17.5-3.5c-24.8,0-45,20.2-45,45s20.2,45,45,45c6.2,0,12.1-1.3,17.5-3.5    c5.5,2.3,11.5,3.5,17.5,3.5c24.8,0,45-20.2,45-45S144.8,236,120,236z M85,306c-13.8,0-25-11.2-25-25c0-13.8,11.2-25,25-25    c13.8,0,25,11.2,25,25C110,294.8,98.8,306,85,306z M122.5,305.9c4.8-7.1,7.5-15.7,7.5-24.9s-2.8-17.7-7.5-24.9    c12.6,1.2,22.5,11.9,22.5,24.9C145,293.9,135.1,304.6,122.5,305.9z\"><\/path>\t<\/g><\/g><g>\t<g>\t\t<path d=\"M101.4,191H50c-5.5,0-10,4.5-10,10c0,5.5,4.5,10,10,10h51.4c5.5,0,10-4.5,10-10C111.4,195.5,107,191,101.4,191z\"><\/path>\t<\/g><\/g><g>\t<g>\t\t<path d=\"M131,191h-0.5c-5.5,0-10,4.5-10,10c0,5.5,4.5,10,10,10h0.5c5.5,0,10-4.5,10-10C141,195.5,136.5,191,131,191z\"><\/path>\t<\/g><\/g><g>\t<g>\t\t<path class=\"st0\" d=\"M408.8,302c-3.9-3.9-10.2-3.9-14.1,0l-53.5,53.5l-28-28c-3.9-3.9-10.2-3.9-14.1,0c-3.9,3.9-3.9,10.2,0,14.1    l35.1,35.1c2,2,4.5,2.9,7.1,2.9s5.1-1,7.1-2.9l60.5-60.5C412.7,312.3,412.7,305.9,408.8,302z\"><\/path>\t<\/g><\/g><\/svg>\t\t\t\t<\/span>\n\t\t\t<\/div>\n\t\t\t\n\t\t\t\t\t\t<div class=\"elementor-icon-box-content\">\n\n\t\t\t\t\t\t\t\t\t<h3 class=\"elementor-icon-box-title\">\n\t\t\t\t\t\t<span  >\n\t\t\t\t\t\t\tPAYMENT MADE CORRECTLY\t\t\t\t\t\t<\/span>\n\t\t\t\t\t<\/h3>\n\t\t\t\t\n\t\t\t\t\t\t\t\t\t<p class=\"elementor-icon-box-description\">\n\t\t\t\t\t\tThank you very much for trusting Tecnitasa, the appraisal company that is closest to you through its 50 branches throughout Spain.<br \/><br \/>\r\nWe confirm that we have received payment for your order correctly.\r\n<br \/>In the next 24 hours our team will contact you to get the job started. <br \/><br \/>\r\nIf you have any questions or want to contact us, you can do so by calling 91 782 38 20, our WhatsApp, email <a href=\"mailto:tecnitasa@tecnitasa.es\">tecnitasa@tecnitasa.es<\/a> or at the contact form.\t\t\t\t\t<\/p>\n\t\t\t\t\n\t\t\t<\/div>\n\t\t\t\n\t\t<\/div>\n\t\t\t\t\t\t<\/div>\n\t\t\t\t<\/div>\n\t\t\t\t<div class=\"elementor-element elementor-element-7d60c80 elementor-mobile-align-center elementor-align-center elementor-widget elementor-widget-button\" data-id=\"7d60c80\" data-element_type=\"widget\" data-widget_type=\"button.default\">\n\t\t\t\t<div class=\"elementor-widget-container\">\n\t\t\t\t\t\t\t\t\t<div class=\"elementor-button-wrapper\">\n\t\t\t\t\t<a class=\"elementor-button elementor-button-link elementor-size-sm\" href=\"https:\/\/www.tecnitasa.es\/en\/\">\n\t\t\t\t\t\t<span class=\"elementor-button-content-wrapper\">\n\t\t\t\t\t\t<span class=\"elementor-button-icon\">\n\t\t\t\t<i aria-hidden=\"true\" class=\"fas fa-arrow-right\"><\/i>\t\t\t<\/span>\n\t\t\t\t\t\t\t\t\t<span class=\"elementor-button-text\">HOME<\/span>\n\t\t\t\t\t<\/span>\n\t\t\t\t\t<\/a>\n\t\t\t\t<\/div>\n\t\t\t\t\t\t\t\t<\/div>\n\t\t\t\t<\/div>\n\t\t\t\t\t<\/div>\n\t\t<\/div>\n\t\t\t\t\t<\/div>\n\t\t<\/section>\n\t\t\t\t\t<\/div>\n\t\t<\/div>\n\t\t\t\t\t<\/div>\n\t\t<\/section>\n\t\t\t\t<\/div>\n\t\t","protected":false},"excerpt":{"rendered":"<p>PAYMENT MADE CORRECTLY Thank you very much for trusting Tecnitasa, the appraisal company that is closest to you through its 50 branches throughout Spain. We confirm that we have received payment for your order correctly. In the next 24 hours our team will contact you to get the job started. If you have any questions [&hellip;]<\/p>\n","protected":false},"author":1,"featured_media":0,"parent":0,"menu_order":0,"comment_status":"closed","ping_status":"closed","template":"elementor_header_footer","meta":{"_acf_changed":false,"footnotes":""},"class_list":["post-10764","page","type-page","status-publish","hentry"],"acf":[],"yoast_head":"<!-- This site is optimized with the Yoast SEO plugin v25.7 - https:\/\/yoast.com\/wordpress\/plugins\/seo\/ -->\n<title>Young appraisal hire OK - Grupo Tecnitasa<\/title>\n<meta name=\"robots\" content=\"index, follow, max-snippet:-1, max-image-preview:large, max-video-preview:-1\" \/>\n<link rel=\"canonical\" href=\"https:\/\/www.tecnitasa.es\/tasacionjoven-contratar-ok\/\" \/>\n<meta property=\"og:locale\" content=\"en_US\" \/>\n<meta property=\"og:type\" content=\"article\" \/>\n<meta property=\"og:title\" content=\"Young appraisal hire OK - Grupo Tecnitasa\" \/>\n<meta property=\"og:description\" content=\"PAYMENT MADE CORRECTLY Thank you very much for trusting Tecnitasa, the appraisal company that is closest to you through its 50 branches throughout Spain. We confirm that we have received payment for your order correctly. In the next 24 hours our team will contact you to get the job started. If you have any questions [&hellip;]\" \/>\n<meta property=\"og:url\" content=\"https:\/\/www.tecnitasa.es\/tasacionjoven-contratar-ok\/\" \/>\n<meta property=\"og:site_name\" content=\"Grupo Tecnitasa\" \/>\n<meta property=\"article:modified_time\" content=\"2023-12-28T11:57:08+00:00\" \/>\n<meta name=\"twitter:card\" content=\"summary_large_image\" \/>\n<script type=\"application\/ld+json\" class=\"yoast-schema-graph\">{\"@context\":\"https:\/\/schema.org\",\"@graph\":[{\"@type\":\"WebPage\",\"@id\":\"https:\/\/www.tecnitasa.es\/tasacionjoven-contratar-ok\/\",\"url\":\"https:\/\/www.tecnitasa.es\/tasacionjoven-contratar-ok\/\",\"name\":\"Young appraisal hire OK - Grupo Tecnitasa\",\"isPartOf\":{\"@id\":\"https:\/\/www.tecnitasa.es\/#website\"},\"datePublished\":\"2023-01-25T17:10:55+00:00\",\"dateModified\":\"2023-12-28T11:57:08+00:00\",\"breadcrumb\":{\"@id\":\"https:\/\/www.tecnitasa.es\/tasacionjoven-contratar-ok\/#breadcrumb\"},\"inLanguage\":\"en-US\",\"potentialAction\":[{\"@type\":\"ReadAction\",\"target\":[\"https:\/\/www.tecnitasa.es\/tasacionjoven-contratar-ok\/\"]}]},{\"@type\":\"BreadcrumbList\",\"@id\":\"https:\/\/www.tecnitasa.es\/tasacionjoven-contratar-ok\/#breadcrumb\",\"itemListElement\":[{\"@type\":\"ListItem\",\"position\":1,\"name\":\"TECNITASA\",\"item\":\"https:\/\/www.tecnitasa.es\/en\/home-new\/\"},{\"@type\":\"ListItem\",\"position\":2,\"name\":\"Young appraisal hire OK\"}]},{\"@type\":\"WebSite\",\"@id\":\"https:\/\/www.tecnitasa.es\/#website\",\"url\":\"https:\/\/www.tecnitasa.es\/\",\"name\":\"Grupo Tecnitasa\",\"description\":\"Valoraci\u00f3n, Tasaci\u00f3n, Consultor\u00eda y Sostenibilidad.\",\"publisher\":{\"@id\":\"https:\/\/www.tecnitasa.es\/#organization\"},\"potentialAction\":[{\"@type\":\"SearchAction\",\"target\":{\"@type\":\"EntryPoint\",\"urlTemplate\":\"https:\/\/www.tecnitasa.es\/?s={search_term_string}\"},\"query-input\":{\"@type\":\"PropertyValueSpecification\",\"valueRequired\":true,\"valueName\":\"search_term_string\"}}],\"inLanguage\":\"en-US\"},{\"@type\":\"Organization\",\"@id\":\"https:\/\/www.tecnitasa.es\/#organization\",\"name\":\"TECNITASA\",\"url\":\"https:\/\/www.tecnitasa.es\/\",\"logo\":{\"@type\":\"ImageObject\",\"inLanguage\":\"en-US\",\"@id\":\"https:\/\/www.tecnitasa.es\/#\/schema\/logo\/image\/\",\"url\":\"https:\/\/www.tecnitasa.es\/wp-content\/uploads\/2021\/11\/logo-tecnitasa-rojo.png\",\"contentUrl\":\"https:\/\/www.tecnitasa.es\/wp-content\/uploads\/2021\/11\/logo-tecnitasa-rojo.png\",\"width\":500,\"height\":70,\"caption\":\"TECNITASA\"},\"image\":{\"@id\":\"https:\/\/www.tecnitasa.es\/#\/schema\/logo\/image\/\"}}]}<\/script>\n<!-- \/ Yoast SEO plugin. -->","yoast_head_json":{"title":"Young appraisal hire OK - Grupo Tecnitasa","robots":{"index":"index","follow":"follow","max-snippet":"max-snippet:-1","max-image-preview":"max-image-preview:large","max-video-preview":"max-video-preview:-1"},"canonical":"https:\/\/www.tecnitasa.es\/tasacionjoven-contratar-ok\/","og_locale":"en_US","og_type":"article","og_title":"Young appraisal hire OK - Grupo Tecnitasa","og_description":"PAYMENT MADE CORRECTLY Thank you very much for trusting Tecnitasa, the appraisal company that is closest to you through its 50 branches throughout Spain. We confirm that we have received payment for your order correctly. In the next 24 hours our team will contact you to get the job started. If you have any questions [&hellip;]","og_url":"https:\/\/www.tecnitasa.es\/tasacionjoven-contratar-ok\/","og_site_name":"Grupo Tecnitasa","article_modified_time":"2023-12-28T11:57:08+00:00","twitter_card":"summary_large_image","schema":{"@context":"https:\/\/schema.org","@graph":[{"@type":"WebPage","@id":"https:\/\/www.tecnitasa.es\/tasacionjoven-contratar-ok\/","url":"https:\/\/www.tecnitasa.es\/tasacionjoven-contratar-ok\/","name":"Young appraisal hire OK - Grupo Tecnitasa","isPartOf":{"@id":"https:\/\/www.tecnitasa.es\/#website"},"datePublished":"2023-01-25T17:10:55+00:00","dateModified":"2023-12-28T11:57:08+00:00","breadcrumb":{"@id":"https:\/\/www.tecnitasa.es\/tasacionjoven-contratar-ok\/#breadcrumb"},"inLanguage":"en-US","potentialAction":[{"@type":"ReadAction","target":["https:\/\/www.tecnitasa.es\/tasacionjoven-contratar-ok\/"]}]},{"@type":"BreadcrumbList","@id":"https:\/\/www.tecnitasa.es\/tasacionjoven-contratar-ok\/#breadcrumb","itemListElement":[{"@type":"ListItem","position":1,"name":"TECNITASA","item":"https:\/\/www.tecnitasa.es\/en\/home-new\/"},{"@type":"ListItem","position":2,"name":"Young appraisal hire OK"}]},{"@type":"WebSite","@id":"https:\/\/www.tecnitasa.es\/#website","url":"https:\/\/www.tecnitasa.es\/","name":"Grupo Tecnitasa","description":"Valoraci\u00f3n, Tasaci\u00f3n, Consultor\u00eda y Sostenibilidad.","publisher":{"@id":"https:\/\/www.tecnitasa.es\/#organization"},"potentialAction":[{"@type":"SearchAction","target":{"@type":"EntryPoint","urlTemplate":"https:\/\/www.tecnitasa.es\/?s={search_term_string}"},"query-input":{"@type":"PropertyValueSpecification","valueRequired":true,"valueName":"search_term_string"}}],"inLanguage":"en-US"},{"@type":"Organization","@id":"https:\/\/www.tecnitasa.es\/#organization","name":"TECNITASA","url":"https:\/\/www.tecnitasa.es\/","logo":{"@type":"ImageObject","inLanguage":"en-US","@id":"https:\/\/www.tecnitasa.es\/#\/schema\/logo\/image\/","url":"https:\/\/www.tecnitasa.es\/wp-content\/uploads\/2021\/11\/logo-tecnitasa-rojo.png","contentUrl":"https:\/\/www.tecnitasa.es\/wp-content\/uploads\/2021\/11\/logo-tecnitasa-rojo.png","width":500,"height":70,"caption":"TECNITASA"},"image":{"@id":"https:\/\/www.tecnitasa.es\/#\/schema\/logo\/image\/"}}]}},"_links":{"self":[{"href":"https:\/\/www.tecnitasa.es\/en\/wp-json\/wp\/v2\/pages\/10764","targetHints":{"allow":["GET"]}}],"collection":[{"href":"https:\/\/www.tecnitasa.es\/en\/wp-json\/wp\/v2\/pages"}],"about":[{"href":"https:\/\/www.tecnitasa.es\/en\/wp-json\/wp\/v2\/types\/page"}],"author":[{"embeddable":true,"href":"https:\/\/www.tecnitasa.es\/en\/wp-json\/wp\/v2\/users\/1"}],"replies":[{"embeddable":true,"href":"https:\/\/www.tecnitasa.es\/en\/wp-json\/wp\/v2\/comments?post=10764"}],"version-history":[{"count":0,"href":"https:\/\/www.tecnitasa.es\/en\/wp-json\/wp\/v2\/pages\/10764\/revisions"}],"wp:attachment":[{"href":"https:\/\/www.tecnitasa.es\/en\/wp-json\/wp\/v2\/media?parent=10764"}],"curies":[{"name":"wp","href":"https:\/\/api.w.org\/{rel}","templated":true}]}}