{"id":10766,"date":"2023-01-25T18:15:11","date_gmt":"2023-01-25T17:15:11","guid":{"rendered":"https:\/\/www.tecnitasa.es\/?page_id=10766"},"modified":"2023-12-28T12:57:17","modified_gmt":"2023-12-28T11:57:17","slug":"young-appraisal-hire-ko","status":"publish","type":"page","link":"https:\/\/www.tecnitasa.es\/en\/young-appraisal-hire-ko\/","title":{"rendered":"Young appraisal hire KO"},"content":{"rendered":"\t\t<div data-elementor-type=\"wp-page\" data-elementor-id=\"10766\" class=\"elementor elementor-10766 elementor-8149\" data-elementor-post-type=\"page\">\n\t\t\t\t\t\t<section class=\"elementor-section elementor-top-section elementor-element elementor-element-8acf2a9 elementor-section-content-middle elementor-section-boxed elementor-section-height-default elementor-section-height-default\" data-id=\"8acf2a9\" data-element_type=\"section\" data-settings=\"{&quot;jet_parallax_layout_list&quot;:[{&quot;_id&quot;:&quot;4ca8e96&quot;,&quot;jet_parallax_layout_image&quot;:{&quot;url&quot;:&quot;&quot;,&quot;id&quot;:&quot;&quot;,&quot;size&quot;:&quot;&quot;},&quot;jet_parallax_layout_image_tablet&quot;:{&quot;url&quot;:&quot;&quot;,&quot;id&quot;:&quot;&quot;,&quot;size&quot;:&quot;&quot;},&quot;jet_parallax_layout_image_mobile&quot;:{&quot;url&quot;:&quot;&quot;,&quot;id&quot;:&quot;&quot;,&quot;size&quot;:&quot;&quot;},&quot;jet_parallax_layout_speed&quot;:{&quot;unit&quot;:&quot;%&quot;,&quot;size&quot;:50,&quot;sizes&quot;:[]},&quot;jet_parallax_layout_type&quot;:&quot;scroll&quot;,&quot;jet_parallax_layout_direction&quot;:&quot;1&quot;,&quot;jet_parallax_layout_fx_direction&quot;:null,&quot;jet_parallax_layout_z_index&quot;:&quot;&quot;,&quot;jet_parallax_layout_bg_x&quot;:50,&quot;jet_parallax_layout_bg_x_tablet&quot;:&quot;&quot;,&quot;jet_parallax_layout_bg_x_mobile&quot;:&quot;&quot;,&quot;jet_parallax_layout_bg_y&quot;:50,&quot;jet_parallax_layout_bg_y_tablet&quot;:&quot;&quot;,&quot;jet_parallax_layout_bg_y_mobile&quot;:&quot;&quot;,&quot;jet_parallax_layout_bg_size&quot;:&quot;auto&quot;,&quot;jet_parallax_layout_bg_size_tablet&quot;:&quot;&quot;,&quot;jet_parallax_layout_bg_size_mobile&quot;:&quot;&quot;,&quot;jet_parallax_layout_animation_prop&quot;:&quot;transform&quot;,&quot;jet_parallax_layout_on&quot;:[&quot;desktop&quot;,&quot;tablet&quot;]}],&quot;background_background&quot;:&quot;classic&quot;}\">\n\t\t\t\t\t\t<div class=\"elementor-container elementor-column-gap-no\">\n\t\t\t\t\t<div class=\"elementor-column elementor-col-100 elementor-top-column elementor-element elementor-element-2bf0724\" data-id=\"2bf0724\" data-element_type=\"column\">\n\t\t\t<div class=\"elementor-widget-wrap elementor-element-populated\">\n\t\t\t\t\t\t<section class=\"elementor-section elementor-inner-section elementor-element elementor-element-2c3a8d1 elementor-section-boxed elementor-section-height-default elementor-section-height-default\" data-id=\"2c3a8d1\" data-element_type=\"section\" data-settings=\"{&quot;jet_parallax_layout_list&quot;:[{&quot;_id&quot;:&quot;cf27bee&quot;,&quot;jet_parallax_layout_image&quot;:{&quot;url&quot;:&quot;&quot;,&quot;id&quot;:&quot;&quot;,&quot;size&quot;:&quot;&quot;},&quot;jet_parallax_layout_image_tablet&quot;:{&quot;url&quot;:&quot;&quot;,&quot;id&quot;:&quot;&quot;,&quot;size&quot;:&quot;&quot;},&quot;jet_parallax_layout_image_mobile&quot;:{&quot;url&quot;:&quot;&quot;,&quot;id&quot;:&quot;&quot;,&quot;size&quot;:&quot;&quot;},&quot;jet_parallax_layout_speed&quot;:{&quot;unit&quot;:&quot;%&quot;,&quot;size&quot;:50,&quot;sizes&quot;:[]},&quot;jet_parallax_layout_type&quot;:&quot;scroll&quot;,&quot;jet_parallax_layout_direction&quot;:&quot;1&quot;,&quot;jet_parallax_layout_fx_direction&quot;:null,&quot;jet_parallax_layout_z_index&quot;:&quot;&quot;,&quot;jet_parallax_layout_bg_x&quot;:50,&quot;jet_parallax_layout_bg_x_tablet&quot;:&quot;&quot;,&quot;jet_parallax_layout_bg_x_mobile&quot;:&quot;&quot;,&quot;jet_parallax_layout_bg_y&quot;:50,&quot;jet_parallax_layout_bg_y_tablet&quot;:&quot;&quot;,&quot;jet_parallax_layout_bg_y_mobile&quot;:&quot;&quot;,&quot;jet_parallax_layout_bg_size&quot;:&quot;auto&quot;,&quot;jet_parallax_layout_bg_size_tablet&quot;:&quot;&quot;,&quot;jet_parallax_layout_bg_size_mobile&quot;:&quot;&quot;,&quot;jet_parallax_layout_animation_prop&quot;:&quot;transform&quot;,&quot;jet_parallax_layout_on&quot;:[&quot;desktop&quot;,&quot;tablet&quot;]}]}\">\n\t\t\t\t\t\t<div class=\"elementor-container elementor-column-gap-default\">\n\t\t\t\t\t<div class=\"elementor-column elementor-col-100 elementor-inner-column elementor-element elementor-element-647f06c\" data-id=\"647f06c\" data-element_type=\"column\">\n\t\t\t<div class=\"elementor-widget-wrap elementor-element-populated\">\n\t\t\t\t\t\t<div class=\"elementor-element elementor-element-93fbc9b elementor-view-default elementor-position-top elementor-mobile-position-top elementor-widget elementor-widget-icon-box\" data-id=\"93fbc9b\" data-element_type=\"widget\" data-widget_type=\"icon-box.default\">\n\t\t\t\t<div class=\"elementor-widget-container\">\n\t\t\t\t\t\t\t<div class=\"elementor-icon-box-wrapper\">\n\n\t\t\t\t\t\t<div class=\"elementor-icon-box-icon\">\n\t\t\t\t<span  class=\"elementor-icon elementor-animation-grow\">\n\t\t\t\t<svg xmlns=\"http:\/\/www.w3.org\/2000\/svg\" xmlns:xlink=\"http:\/\/www.w3.org\/1999\/xlink\" id=\"Capa_1\" x=\"0px\" y=\"0px\" viewBox=\"0 0 512 512\" style=\"enable-background:new 0 0 512 512;\" xml:space=\"preserve\"><style type=\"text\/css\">\t.st0{fill:#AF0000;}<\/style><g>\t<path d=\"M494.5,60.5H380.9c-4.1,0-7.5,3.4-7.5,7.5s3.4,7.5,7.5,7.5h113.6c1.4,0,2.5,1.1,2.5,2.5v45.5H15V78c0-1.4,1.1-2.5,2.5-2.5   h328.9c4.1,0,7.5-3.4,7.5-7.5s-3.4-7.5-7.5-7.5H17.5C7.9,60.5,0,68.4,0,78v356c0,9.6,7.9,17.5,17.5,17.5h399.3   c4.1,0,7.5-3.4,7.5-7.5s-3.4-7.5-7.5-7.5H17.5c-1.4,0-2.5-1.1-2.5-2.5V138.5h482v97.4c0,4.1,3.4,7.5,7.5,7.5s7.5-3.4,7.5-7.5V78   C512,68.4,504.1,60.5,494.5,60.5L494.5,60.5z\"><\/path>\t<path d=\"M504.5,263c-4.1,0-7.5,3.4-7.5,7.5V434c0,1.4-1.1,2.5-2.5,2.5h-43.1c-4.1,0-7.5,3.4-7.5,7.5s3.4,7.5,7.5,7.5h43.1   c9.6,0,17.5-7.9,17.5-17.5V270.5C512,266.3,508.6,263,504.5,263z\"><\/path>\t<path d=\"M47.4,92c-4.1,0-7.5,3.4-7.5,7.5s3.4,7.5,7.5,7.5h0.1c4.1,0,7.5-3.4,7.5-7.5S51.7,92,47.4,92L47.4,92z\"><\/path>\t<path d=\"M70.1,92c-4.1,0-7.5,3.4-7.5,7.5s3.4,7.5,7.5,7.5h0.1c4.1,0,7.5-3.4,7.5-7.5S74.3,92,70.1,92L70.1,92z\"><\/path>\t<path d=\"M92.7,92c-4.1,0-7.5,3.4-7.5,7.5s3.4,7.5,7.5,7.5h0.1c4.1,0,7.5-3.4,7.5-7.5S97,92,92.8,92H92.7z\"><\/path>\t<path d=\"M464.6,107c4.1,0,7.5-3.4,7.5-7.5s-3.4-7.5-7.5-7.5h-14c-4.1,0-7.5,3.4-7.5,7.5s3.4,7.5,7.5,7.5H464.6z\"><\/path>\t<path d=\"M336.1,240.5c0-44.2-35.9-80.1-80.1-80.1s-80.1,35.9-80.1,80.1s35.9,80.1,80.1,80.1S336.1,284.7,336.1,240.5z M256,305.6   c-35.9,0-65.1-29.2-65.1-65.1s29.2-65.1,65.1-65.1s65.1,29.2,65.1,65.1S291.9,305.6,256,305.6z\"><\/path>\t<path d=\"M229.5,330.7c-4.1,0-7.5,3.4-7.5,7.5s3.4,7.5,7.5,7.5h53c4.1,0,7.5-3.4,7.5-7.5s-3.4-7.5-7.5-7.5H229.5z\"><\/path>\t<path d=\"M328.3,389c0-4.1-3.4-7.5-7.5-7.5H133.3c-4.1,0-7.5,3.4-7.5,7.5s3.4,7.5,7.5,7.5h187.5C324.9,396.5,328.3,393.1,328.3,389z   \"><\/path>\t<path d=\"M378.7,381.5h-27.5c-4.1,0-7.5,3.4-7.5,7.5s3.4,7.5,7.5,7.5h27.5c4.1,0,7.5-3.4,7.5-7.5S382.8,381.5,378.7,381.5z\"><\/path>\t<path d=\"M133.3,404.3c-4.1,0-7.5,3.4-7.5,7.5s3.4,7.5,7.5,7.5h59.9c4.1,0,7.5-3.4,7.5-7.5s-3.4-7.5-7.5-7.5H133.3z\"><\/path>\t<path d=\"M221.6,419.3h157.1c4.1,0,7.5-3.4,7.5-7.5s-3.4-7.5-7.5-7.5H221.6c-4.1,0-7.5,3.4-7.5,7.5S217.5,419.3,221.6,419.3   L221.6,419.3z\"><\/path><\/g><path class=\"st0\" d=\"M283.8,211.7c-2.9-2.9-7.7-2.9-10.6,0L256,228.9l-17.2-17.2c-2.9-2.9-7.7-2.9-10.6,0c-2.9,2.9-2.9,7.7,0,10.6  l17.2,17.2l-17.2,17.2c-2.9,2.9-2.9,7.7,0,10.6c1.5,1.5,3.4,2.2,5.3,2.2s3.8-0.7,5.3-2.2l17.2-17.2l17.2,17.2  c1.5,1.5,3.4,2.2,5.3,2.2s3.8-0.7,5.3-2.2c2.9-2.9,2.9-7.7,0-10.6l-17.2-17.2l17.2-17.2C286.7,219.4,286.7,214.6,283.8,211.7z\"><\/path><\/svg>\t\t\t\t<\/span>\n\t\t\t<\/div>\n\t\t\t\n\t\t\t\t\t\t<div class=\"elementor-icon-box-content\">\n\n\t\t\t\t\t\t\t\t\t<h3 class=\"elementor-icon-box-title\">\n\t\t\t\t\t\t<span  >\n\t\t\t\t\t\t\tERROR IN THE PAYMENT PROCESS\t\t\t\t\t\t<\/span>\n\t\t\t\t\t<\/h3>\n\t\t\t\t\n\t\t\t\t\t\t\t\t\t<p class=\"elementor-icon-box-description\">\n\t\t\t\t\t\tSomething has gone wrong in the payment process, please contact us at tel. 91 782 38 20, or by email at <a href=\"mailto:tecnitasa@tecnitasa.es\">tecnitasa@tecnitasa.es<\/a>\t\t\t\t\t<\/p>\n\t\t\t\t\n\t\t\t<\/div>\n\t\t\t\n\t\t<\/div>\n\t\t\t\t\t\t<\/div>\n\t\t\t\t<\/div>\n\t\t\t\t<div class=\"elementor-element elementor-element-e563f42 elementor-mobile-align-center elementor-align-center elementor-widget elementor-widget-button\" data-id=\"e563f42\" data-element_type=\"widget\" data-widget_type=\"button.default\">\n\t\t\t\t<div class=\"elementor-widget-container\">\n\t\t\t\t\t\t\t\t\t<div class=\"elementor-button-wrapper\">\n\t\t\t\t\t<a class=\"elementor-button elementor-button-link elementor-size-sm\" href=\"https:\/\/www.tecnitasa.es\/en\/?page_id=10762\">\n\t\t\t\t\t\t<span class=\"elementor-button-content-wrapper\">\n\t\t\t\t\t\t<span class=\"elementor-button-icon\">\n\t\t\t\t<i aria-hidden=\"true\" class=\"fas fa-arrow-right\"><\/i>\t\t\t<\/span>\n\t\t\t\t\t\t\t\t\t<span class=\"elementor-button-text\">TRY AGAIN<\/span>\n\t\t\t\t\t<\/span>\n\t\t\t\t\t<\/a>\n\t\t\t\t<\/div>\n\t\t\t\t\t\t\t\t<\/div>\n\t\t\t\t<\/div>\n\t\t\t\t\t<\/div>\n\t\t<\/div>\n\t\t\t\t\t<\/div>\n\t\t<\/section>\n\t\t\t\t\t<\/div>\n\t\t<\/div>\n\t\t\t\t\t<\/div>\n\t\t<\/section>\n\t\t\t\t<\/div>\n\t\t","protected":false},"excerpt":{"rendered":"<p>ERROR IN THE PAYMENT PROCESS Something has gone wrong in the payment process, please contact us at tel. 91 782 38 20, or by email at tecnitasa@tecnitasa.es TRY AGAIN<\/p>\n","protected":false},"author":1,"featured_media":0,"parent":0,"menu_order":0,"comment_status":"closed","ping_status":"closed","template":"elementor_header_footer","meta":{"_acf_changed":false,"footnotes":""},"class_list":["post-10766","page","type-page","status-publish","hentry"],"acf":[],"yoast_head":"<!-- This site is optimized with the Yoast SEO plugin v25.7 - https:\/\/yoast.com\/wordpress\/plugins\/seo\/ -->\n<title>Young appraisal hire KO - Grupo Tecnitasa<\/title>\n<meta name=\"robots\" content=\"index, follow, max-snippet:-1, max-image-preview:large, max-video-preview:-1\" \/>\n<link rel=\"canonical\" href=\"https:\/\/www.tecnitasa.es\/tasacionjoven-contratar-ko\/\" \/>\n<meta property=\"og:locale\" content=\"en_US\" \/>\n<meta property=\"og:type\" content=\"article\" \/>\n<meta property=\"og:title\" content=\"Young appraisal hire KO - Grupo Tecnitasa\" \/>\n<meta property=\"og:description\" content=\"ERROR IN THE PAYMENT PROCESS Something has gone wrong in the payment process, please contact us at tel. 91 782 38 20, or by email at tecnitasa@tecnitasa.es TRY AGAIN\" \/>\n<meta property=\"og:url\" content=\"https:\/\/www.tecnitasa.es\/tasacionjoven-contratar-ko\/\" \/>\n<meta property=\"og:site_name\" content=\"Grupo Tecnitasa\" \/>\n<meta property=\"article:modified_time\" content=\"2023-12-28T11:57:17+00:00\" \/>\n<meta name=\"twitter:card\" content=\"summary_large_image\" \/>\n<script type=\"application\/ld+json\" class=\"yoast-schema-graph\">{\"@context\":\"https:\/\/schema.org\",\"@graph\":[{\"@type\":\"WebPage\",\"@id\":\"https:\/\/www.tecnitasa.es\/tasacionjoven-contratar-ko\/\",\"url\":\"https:\/\/www.tecnitasa.es\/tasacionjoven-contratar-ko\/\",\"name\":\"Young appraisal hire KO - Grupo Tecnitasa\",\"isPartOf\":{\"@id\":\"https:\/\/www.tecnitasa.es\/#website\"},\"datePublished\":\"2023-01-25T17:15:11+00:00\",\"dateModified\":\"2023-12-28T11:57:17+00:00\",\"breadcrumb\":{\"@id\":\"https:\/\/www.tecnitasa.es\/tasacionjoven-contratar-ko\/#breadcrumb\"},\"inLanguage\":\"en-US\",\"potentialAction\":[{\"@type\":\"ReadAction\",\"target\":[\"https:\/\/www.tecnitasa.es\/tasacionjoven-contratar-ko\/\"]}]},{\"@type\":\"BreadcrumbList\",\"@id\":\"https:\/\/www.tecnitasa.es\/tasacionjoven-contratar-ko\/#breadcrumb\",\"itemListElement\":[{\"@type\":\"ListItem\",\"position\":1,\"name\":\"TECNITASA\",\"item\":\"https:\/\/www.tecnitasa.es\/en\/home-new\/\"},{\"@type\":\"ListItem\",\"position\":2,\"name\":\"Young appraisal hire KO\"}]},{\"@type\":\"WebSite\",\"@id\":\"https:\/\/www.tecnitasa.es\/#website\",\"url\":\"https:\/\/www.tecnitasa.es\/\",\"name\":\"Grupo Tecnitasa\",\"description\":\"Valoraci\u00f3n, Tasaci\u00f3n, Consultor\u00eda y Sostenibilidad.\",\"publisher\":{\"@id\":\"https:\/\/www.tecnitasa.es\/#organization\"},\"potentialAction\":[{\"@type\":\"SearchAction\",\"target\":{\"@type\":\"EntryPoint\",\"urlTemplate\":\"https:\/\/www.tecnitasa.es\/?s={search_term_string}\"},\"query-input\":{\"@type\":\"PropertyValueSpecification\",\"valueRequired\":true,\"valueName\":\"search_term_string\"}}],\"inLanguage\":\"en-US\"},{\"@type\":\"Organization\",\"@id\":\"https:\/\/www.tecnitasa.es\/#organization\",\"name\":\"TECNITASA\",\"url\":\"https:\/\/www.tecnitasa.es\/\",\"logo\":{\"@type\":\"ImageObject\",\"inLanguage\":\"en-US\",\"@id\":\"https:\/\/www.tecnitasa.es\/#\/schema\/logo\/image\/\",\"url\":\"https:\/\/www.tecnitasa.es\/wp-content\/uploads\/2021\/11\/logo-tecnitasa-rojo.png\",\"contentUrl\":\"https:\/\/www.tecnitasa.es\/wp-content\/uploads\/2021\/11\/logo-tecnitasa-rojo.png\",\"width\":500,\"height\":70,\"caption\":\"TECNITASA\"},\"image\":{\"@id\":\"https:\/\/www.tecnitasa.es\/#\/schema\/logo\/image\/\"}}]}<\/script>\n<!-- \/ Yoast SEO plugin. -->","yoast_head_json":{"title":"Young appraisal hire KO - Grupo Tecnitasa","robots":{"index":"index","follow":"follow","max-snippet":"max-snippet:-1","max-image-preview":"max-image-preview:large","max-video-preview":"max-video-preview:-1"},"canonical":"https:\/\/www.tecnitasa.es\/tasacionjoven-contratar-ko\/","og_locale":"en_US","og_type":"article","og_title":"Young appraisal hire KO - Grupo Tecnitasa","og_description":"ERROR IN THE PAYMENT PROCESS Something has gone wrong in the payment process, please contact us at tel. 91 782 38 20, or by email at tecnitasa@tecnitasa.es TRY AGAIN","og_url":"https:\/\/www.tecnitasa.es\/tasacionjoven-contratar-ko\/","og_site_name":"Grupo Tecnitasa","article_modified_time":"2023-12-28T11:57:17+00:00","twitter_card":"summary_large_image","schema":{"@context":"https:\/\/schema.org","@graph":[{"@type":"WebPage","@id":"https:\/\/www.tecnitasa.es\/tasacionjoven-contratar-ko\/","url":"https:\/\/www.tecnitasa.es\/tasacionjoven-contratar-ko\/","name":"Young appraisal hire KO - Grupo Tecnitasa","isPartOf":{"@id":"https:\/\/www.tecnitasa.es\/#website"},"datePublished":"2023-01-25T17:15:11+00:00","dateModified":"2023-12-28T11:57:17+00:00","breadcrumb":{"@id":"https:\/\/www.tecnitasa.es\/tasacionjoven-contratar-ko\/#breadcrumb"},"inLanguage":"en-US","potentialAction":[{"@type":"ReadAction","target":["https:\/\/www.tecnitasa.es\/tasacionjoven-contratar-ko\/"]}]},{"@type":"BreadcrumbList","@id":"https:\/\/www.tecnitasa.es\/tasacionjoven-contratar-ko\/#breadcrumb","itemListElement":[{"@type":"ListItem","position":1,"name":"TECNITASA","item":"https:\/\/www.tecnitasa.es\/en\/home-new\/"},{"@type":"ListItem","position":2,"name":"Young appraisal hire KO"}]},{"@type":"WebSite","@id":"https:\/\/www.tecnitasa.es\/#website","url":"https:\/\/www.tecnitasa.es\/","name":"Grupo Tecnitasa","description":"Valoraci\u00f3n, Tasaci\u00f3n, Consultor\u00eda y Sostenibilidad.","publisher":{"@id":"https:\/\/www.tecnitasa.es\/#organization"},"potentialAction":[{"@type":"SearchAction","target":{"@type":"EntryPoint","urlTemplate":"https:\/\/www.tecnitasa.es\/?s={search_term_string}"},"query-input":{"@type":"PropertyValueSpecification","valueRequired":true,"valueName":"search_term_string"}}],"inLanguage":"en-US"},{"@type":"Organization","@id":"https:\/\/www.tecnitasa.es\/#organization","name":"TECNITASA","url":"https:\/\/www.tecnitasa.es\/","logo":{"@type":"ImageObject","inLanguage":"en-US","@id":"https:\/\/www.tecnitasa.es\/#\/schema\/logo\/image\/","url":"https:\/\/www.tecnitasa.es\/wp-content\/uploads\/2021\/11\/logo-tecnitasa-rojo.png","contentUrl":"https:\/\/www.tecnitasa.es\/wp-content\/uploads\/2021\/11\/logo-tecnitasa-rojo.png","width":500,"height":70,"caption":"TECNITASA"},"image":{"@id":"https:\/\/www.tecnitasa.es\/#\/schema\/logo\/image\/"}}]}},"_links":{"self":[{"href":"https:\/\/www.tecnitasa.es\/en\/wp-json\/wp\/v2\/pages\/10766","targetHints":{"allow":["GET"]}}],"collection":[{"href":"https:\/\/www.tecnitasa.es\/en\/wp-json\/wp\/v2\/pages"}],"about":[{"href":"https:\/\/www.tecnitasa.es\/en\/wp-json\/wp\/v2\/types\/page"}],"author":[{"embeddable":true,"href":"https:\/\/www.tecnitasa.es\/en\/wp-json\/wp\/v2\/users\/1"}],"replies":[{"embeddable":true,"href":"https:\/\/www.tecnitasa.es\/en\/wp-json\/wp\/v2\/comments?post=10766"}],"version-history":[{"count":0,"href":"https:\/\/www.tecnitasa.es\/en\/wp-json\/wp\/v2\/pages\/10766\/revisions"}],"wp:attachment":[{"href":"https:\/\/www.tecnitasa.es\/en\/wp-json\/wp\/v2\/media?parent=10766"}],"curies":[{"name":"wp","href":"https:\/\/api.w.org\/{rel}","templated":true}]}}