{"id":10778,"date":"2020-12-06T18:38:31","date_gmt":"2020-12-06T17:38:31","guid":{"rendered":"https:\/\/www.tecnitasa.es\/cookies-policy\/"},"modified":"2024-01-15T13:09:43","modified_gmt":"2024-01-15T12:09:43","slug":"cookies-policy","status":"publish","type":"page","link":"https:\/\/www.tecnitasa.es\/en\/cookies-policy\/","title":{"rendered":"Cookies Policy"},"content":{"rendered":"\t\t<div data-elementor-type=\"wp-page\" data-elementor-id=\"10778\" class=\"elementor elementor-10778 elementor-1709\" data-elementor-post-type=\"page\">\n\t\t\t\t\t\t<section class=\"elementor-section elementor-top-section elementor-element elementor-element-63996df elementor-section-height-min-height elementor-section-boxed elementor-section-height-default elementor-section-items-middle\" data-id=\"63996df\" data-element_type=\"section\" data-settings=\"{&quot;jet_parallax_layout_list&quot;:[{&quot;jet_parallax_layout_image&quot;:{&quot;url&quot;:&quot;&quot;,&quot;id&quot;:&quot;&quot;,&quot;size&quot;:&quot;&quot;},&quot;_id&quot;:&quot;c5f1fd7&quot;,&quot;jet_parallax_layout_speed&quot;:{&quot;unit&quot;:&quot;%&quot;,&quot;size&quot;:&quot;50&quot;,&quot;sizes&quot;:[]},&quot;jet_parallax_layout_bg_x&quot;:&quot;50&quot;,&quot;jet_parallax_layout_bg_y&quot;:&quot;50&quot;,&quot;jet_parallax_layout_image_tablet&quot;:{&quot;url&quot;:&quot;&quot;,&quot;id&quot;:&quot;&quot;,&quot;size&quot;:&quot;&quot;},&quot;jet_parallax_layout_image_mobile&quot;:{&quot;url&quot;:&quot;&quot;,&quot;id&quot;:&quot;&quot;,&quot;size&quot;:&quot;&quot;},&quot;jet_parallax_layout_type&quot;:&quot;scroll&quot;,&quot;jet_parallax_layout_direction&quot;:&quot;1&quot;,&quot;jet_parallax_layout_fx_direction&quot;:null,&quot;jet_parallax_layout_z_index&quot;:&quot;&quot;,&quot;jet_parallax_layout_bg_x_tablet&quot;:&quot;&quot;,&quot;jet_parallax_layout_bg_x_mobile&quot;:&quot;&quot;,&quot;jet_parallax_layout_bg_y_tablet&quot;:&quot;&quot;,&quot;jet_parallax_layout_bg_y_mobile&quot;:&quot;&quot;,&quot;jet_parallax_layout_bg_size&quot;:&quot;auto&quot;,&quot;jet_parallax_layout_bg_size_tablet&quot;:&quot;&quot;,&quot;jet_parallax_layout_bg_size_mobile&quot;:&quot;&quot;,&quot;jet_parallax_layout_animation_prop&quot;:&quot;transform&quot;,&quot;jet_parallax_layout_on&quot;:[&quot;desktop&quot;,&quot;tablet&quot;]}],&quot;background_background&quot;:&quot;classic&quot;}\">\n\t\t\t\t\t\t\t<div class=\"elementor-background-overlay\"><\/div>\n\t\t\t\t\t\t\t<div class=\"elementor-container elementor-column-gap-default\">\n\t\t\t\t\t<div class=\"elementor-column elementor-col-100 elementor-top-column elementor-element elementor-element-8c11440\" data-id=\"8c11440\" data-element_type=\"column\">\n\t\t\t<div class=\"elementor-widget-wrap elementor-element-populated\">\n\t\t\t\t\t\t<div class=\"elementor-element elementor-element-eb127e0 elementor-mobile-align-center elementor-align-left elementor-widget elementor-widget-raven-heading\" data-id=\"eb127e0\" data-element_type=\"widget\" data-widget_type=\"raven-heading.default\">\n\t\t\t\t<div class=\"elementor-widget-container\">\n\t\t\t\t\t\t\t<div class=\"raven-widget-wrapper\"><h1 class=\"raven-heading raven-heading-h1\"><span class=\"raven-heading-title \">COOKIES POLICY<\/span><\/h1><\/div>\r\n\t\t\t\t\t\t<\/div>\n\t\t\t\t<\/div>\n\t\t\t\t<div class=\"elementor-element elementor-element-3bcaf8b elementor-mobile-align-center elementor-align-flex-start elementor-widget elementor-widget-raven-breadcrumbs\" data-id=\"3bcaf8b\" data-element_type=\"widget\" data-widget_type=\"raven-breadcrumbs.default\">\n\t\t\t\t<div class=\"elementor-widget-container\">\n\t\t\t\t\t<div class=\"raven-breadcrumbs raven-breadcrumbs-yoast\"><div id=\"breadcrumbs\"><span><span><a href=\"https:\/\/www.tecnitasa.es\/en\/home-new\/\">TECNITASA<\/a><\/span><\/span><\/div><\/div>\t\t\t\t<\/div>\n\t\t\t\t<\/div>\n\t\t\t\t\t<\/div>\n\t\t<\/div>\n\t\t\t\t\t<\/div>\n\t\t<\/section>\n\t\t\t\t<section class=\"elementor-section elementor-top-section elementor-element elementor-element-138f37f elementor-section-content-middle elementor-section-boxed elementor-section-height-default elementor-section-height-default\" data-id=\"138f37f\" data-element_type=\"section\" data-settings=\"{&quot;jet_parallax_layout_list&quot;:[{&quot;_id&quot;:&quot;97d519c&quot;,&quot;jet_parallax_layout_image&quot;:{&quot;url&quot;:&quot;&quot;,&quot;id&quot;:&quot;&quot;,&quot;size&quot;:&quot;&quot;},&quot;jet_parallax_layout_image_tablet&quot;:{&quot;url&quot;:&quot;&quot;,&quot;id&quot;:&quot;&quot;,&quot;size&quot;:&quot;&quot;},&quot;jet_parallax_layout_image_mobile&quot;:{&quot;url&quot;:&quot;&quot;,&quot;id&quot;:&quot;&quot;,&quot;size&quot;:&quot;&quot;},&quot;jet_parallax_layout_speed&quot;:{&quot;unit&quot;:&quot;%&quot;,&quot;size&quot;:50,&quot;sizes&quot;:[]},&quot;jet_parallax_layout_type&quot;:&quot;scroll&quot;,&quot;jet_parallax_layout_direction&quot;:&quot;1&quot;,&quot;jet_parallax_layout_fx_direction&quot;:null,&quot;jet_parallax_layout_z_index&quot;:&quot;&quot;,&quot;jet_parallax_layout_bg_x&quot;:50,&quot;jet_parallax_layout_bg_x_tablet&quot;:&quot;&quot;,&quot;jet_parallax_layout_bg_x_mobile&quot;:&quot;&quot;,&quot;jet_parallax_layout_bg_y&quot;:50,&quot;jet_parallax_layout_bg_y_tablet&quot;:&quot;&quot;,&quot;jet_parallax_layout_bg_y_mobile&quot;:&quot;&quot;,&quot;jet_parallax_layout_bg_size&quot;:&quot;auto&quot;,&quot;jet_parallax_layout_bg_size_tablet&quot;:&quot;&quot;,&quot;jet_parallax_layout_bg_size_mobile&quot;:&quot;&quot;,&quot;jet_parallax_layout_animation_prop&quot;:&quot;transform&quot;,&quot;jet_parallax_layout_on&quot;:[&quot;desktop&quot;,&quot;tablet&quot;]}]}\">\n\t\t\t\t\t\t<div class=\"elementor-container elementor-column-gap-no\">\n\t\t\t\t\t<div class=\"elementor-column elementor-col-100 elementor-top-column elementor-element elementor-element-6543d70\" data-id=\"6543d70\" data-element_type=\"column\">\n\t\t\t<div class=\"elementor-widget-wrap elementor-element-populated\">\n\t\t\t\t\t\t<div class=\"elementor-element elementor-element-3b8ea35 elementor-widget elementor-widget-text-editor\" data-id=\"3b8ea35\" data-element_type=\"widget\" data-widget_type=\"text-editor.default\">\n\t\t\t\t<div class=\"elementor-widget-container\">\n\t\t\t\t\t\t\t\t\t<p>Access to www.tecnitasa.es may involve the use of cookies.<\/p>\n<p>Cookies are small amounts of information that are stored in the browser used by each User &#8211; in the different devices they may use to browse &#8211; so that the server remembers certain information that will later be read only by the server that implemented it. Cookies make browsing easier, more User-friendly, and do not damage the browsing device.<\/p>\n<p>Cookies are automatic procedures for collecting information relating to the preferences determined by the user during their visit to the website in order to recognise them as a User, and personalise their experience and use of the website, and may also, for example, help to identify and resolve errors.<\/p>\n<p>The information collected through cookies may include the date and time of visits to the website, the pages viewed, the time spent and the sites visited just before and just after the visit. However, no cookie allows itself to contact the User\u2019s telephone number or any other means of personal contact. No cookie can extract information from the User\u2019s hard drive or steal personal information. The only way for the User\u2019s private information to be part of the cookie file is for the User to personally give that information to the server.<\/p>\n<p>Cookies that allow a person to be identified are considered personal data. Accordingly, the Privacy Policy described above will apply to them. In this regard, the User\u2019s consent will be necessary for the use of the same. This consent will be communicated, on the basis of a genuine choice, offered by an affirmative and positive decision, prior to initial processing, removable and documented.<\/p>\n\t\t\t\t\t\t\t\t<\/div>\n\t\t\t\t<\/div>\n\t\t\t\t<div class=\"elementor-element elementor-element-f046fdc elementor-widget elementor-widget-heading\" data-id=\"f046fdc\" data-element_type=\"widget\" data-widget_type=\"heading.default\">\n\t\t\t\t<div class=\"elementor-widget-container\">\n\t\t\t\t\t<h4 class=\"elementor-heading-title elementor-size-default\">THIRD-PARTY COOKIES<\/h4>\t\t\t\t<\/div>\n\t\t\t\t<\/div>\n\t\t\t\t<div class=\"elementor-element elementor-element-dbdeb4b elementor-widget elementor-widget-text-editor\" data-id=\"dbdeb4b\" data-element_type=\"widget\" data-widget_type=\"text-editor.default\">\n\t\t\t\t<div class=\"elementor-widget-container\">\n\t\t\t\t\t\t\t\t\t<p>These are cookies used and managed by external entities that provide <strong>TECNITASA<\/strong> with services requested by <strong>TECNITASA<\/strong> in order to improve the website and the User\u2019s experience when browsing the website. The main purposes for which third-party cookies are used are to obtain access statistics and to analyse browsing information, i.e. how the User interacts with the website.<\/p>\n<p>The information obtained refers, for example, to the number of pages visited, the language, the IP address from which the User accesses the website, the number of Users accessing, the frequency and recurrence of visits, the time of visit, the browser used, the operator or type of device from which the visit is made. This information is used to improve the website, and to detect new needs in order to offer Users the best quality content and\/or service. In all cases, the information is collected anonymously and reports on website trends are compiled without identifying individual Users.<\/p>\n<p>The entity(ies) responsible for the provision of cookies may transfer this information to third parties, where required by law or where a third party processes this information for these entities.<\/p>\n\t\t\t\t\t\t\t\t<\/div>\n\t\t\t\t<\/div>\n\t\t\t\t<div class=\"elementor-element elementor-element-c1699b4 elementor-widget elementor-widget-heading\" data-id=\"c1699b4\" data-element_type=\"widget\" data-widget_type=\"heading.default\">\n\t\t\t\t<div class=\"elementor-widget-container\">\n\t\t\t\t\t<h4 class=\"elementor-heading-title elementor-size-default\">SOCIAL MEDIA COOKIES<\/h4>\t\t\t\t<\/div>\n\t\t\t\t<\/div>\n\t\t\t\t<div class=\"elementor-element elementor-element-354f3e5 elementor-widget elementor-widget-text-editor\" data-id=\"354f3e5\" data-element_type=\"widget\" data-widget_type=\"text-editor.default\">\n\t\t\t\t<div class=\"elementor-widget-container\">\n\t\t\t\t\t\t\t\t\t<p><strong>TECNITASA<\/strong> may incorporate social network plugins, which can be accessed from the website, to share content, for example. For this reason, social media cookies may be stored in the User\u2019s browser. The owners of these social networks have their own data protection and cookie policies, and in each case they themselves are responsible for their own files and their own privacy practices. The User should refer to them to find out about these cookies and, where appropriate, the processing of their personal data. For information purposes only, the following are links to the privacy and\/or cookie policies:<\/p>\n<ul>\n<li>Facebook: https:\/\/www.facebook.com\/policies\/cookies\/<\/li>\n<li>Twitter: https:\/\/twitter.com\/es\/privacy<\/li>\n<li>Instagram: https:\/\/help.instagram.com\/1896641480634370?ref=ig<\/li>\n<li>YouTube: https:\/\/policies.google.com\/privacy?hl=es-419&amp;gl=mx<\/li>\n<li>Pinterest: https:\/\/policy.pinterest.com\/es\/privacy-policy<\/li>\n<li>LinkedIn: https:\/\/www.linkedin.com\/legal\/cookie-policy?trk=hp-cookies<\/li>\n<\/ul>\n\t\t\t\t\t\t\t\t<\/div>\n\t\t\t\t<\/div>\n\t\t\t\t<div class=\"elementor-element elementor-element-06a047e elementor-widget elementor-widget-heading\" data-id=\"06a047e\" data-element_type=\"widget\" data-widget_type=\"heading.default\">\n\t\t\t\t<div class=\"elementor-widget-container\">\n\t\t\t\t\t<h4 class=\"elementor-heading-title elementor-size-default\">DISABLING, REJECTING AND DELETING COOKIES<\/h4>\t\t\t\t<\/div>\n\t\t\t\t<\/div>\n\t\t\t\t<div class=\"elementor-element elementor-element-e36c7fa elementor-widget elementor-widget-text-editor\" data-id=\"e36c7fa\" data-element_type=\"widget\" data-widget_type=\"text-editor.default\">\n\t\t\t\t<div class=\"elementor-widget-container\">\n\t\t\t\t\t\t\t\t\t<p>The User can disable, reject and delete cookies &#8211; in whole or in part &#8211; installed on their device by configuring their browser (including, for example, Chrome, Firefox, Safari, Explorer). In this regard, the procedures for rejecting and deleting cookies may differ from one Internet browser to another. Consequently, the User should refer to the instructions provided by the Internet browser that he\/she is using. If you reject the use of cookies &#8211; in whole or in part &#8211; you may still be able to use the website, although you may be limited in the use of some of its features.<\/p>\n\t\t\t\t\t\t\t\t<\/div>\n\t\t\t\t<\/div>\n\t\t\t\t\t<\/div>\n\t\t<\/div>\n\t\t\t\t\t<\/div>\n\t\t<\/section>\n\t\t\t\t<\/div>\n\t\t","protected":false},"excerpt":{"rendered":"<p>COOKIES POLICY TECNITASA Access to www.tecnitasa.es may involve the use of cookies. Cookies are small amounts of information that are stored in the browser used by each User &#8211; in the different devices they may use to browse &#8211; so that the server remembers certain information that will later be read only by the server [&hellip;]<\/p>\n","protected":false},"author":1,"featured_media":0,"parent":0,"menu_order":0,"comment_status":"closed","ping_status":"closed","template":"elementor_header_footer","meta":{"_acf_changed":false,"footnotes":""},"class_list":["post-10778","page","type-page","status-publish","hentry"],"acf":[],"yoast_head":"<!-- This site is optimized with the Yoast SEO plugin v25.7 - https:\/\/yoast.com\/wordpress\/plugins\/seo\/ -->\n<title>Cookies Policy - Grupo Tecnitasa<\/title>\n<meta name=\"robots\" content=\"noindex, follow\" \/>\n<meta property=\"og:locale\" content=\"en_US\" \/>\n<meta property=\"og:type\" content=\"article\" \/>\n<meta property=\"og:title\" content=\"Cookies Policy - Grupo Tecnitasa\" \/>\n<meta property=\"og:description\" content=\"COOKIES POLICY TECNITASA Access to www.tecnitasa.es may involve the use of cookies. Cookies are small amounts of information that are stored in the browser used by each User &#8211; in the different devices they may use to browse &#8211; so that the server remembers certain information that will later be read only by the server [&hellip;]\" \/>\n<meta property=\"og:url\" content=\"https:\/\/www.tecnitasa.es\/politica-de-cookies\/\" \/>\n<meta property=\"og:site_name\" content=\"Grupo Tecnitasa\" \/>\n<meta property=\"article:modified_time\" content=\"2024-01-15T12:09:43+00:00\" \/>\n<meta name=\"twitter:card\" content=\"summary_large_image\" \/>\n<meta name=\"twitter:label1\" content=\"Est. reading time\" \/>\n\t<meta name=\"twitter:data1\" content=\"4 minutes\" \/>\n<script type=\"application\/ld+json\" class=\"yoast-schema-graph\">{\"@context\":\"https:\/\/schema.org\",\"@graph\":[{\"@type\":\"WebPage\",\"@id\":\"https:\/\/www.tecnitasa.es\/politica-de-cookies\/\",\"url\":\"https:\/\/www.tecnitasa.es\/politica-de-cookies\/\",\"name\":\"Cookies Policy - Grupo Tecnitasa\",\"isPartOf\":{\"@id\":\"https:\/\/www.tecnitasa.es\/#website\"},\"datePublished\":\"2020-12-06T17:38:31+00:00\",\"dateModified\":\"2024-01-15T12:09:43+00:00\",\"breadcrumb\":{\"@id\":\"https:\/\/www.tecnitasa.es\/politica-de-cookies\/#breadcrumb\"},\"inLanguage\":\"en-US\",\"potentialAction\":[{\"@type\":\"ReadAction\",\"target\":[\"https:\/\/www.tecnitasa.es\/politica-de-cookies\/\"]}]},{\"@type\":\"BreadcrumbList\",\"@id\":\"https:\/\/www.tecnitasa.es\/politica-de-cookies\/#breadcrumb\",\"itemListElement\":[{\"@type\":\"ListItem\",\"position\":1,\"name\":\"TECNITASA\",\"item\":\"https:\/\/www.tecnitasa.es\/en\/home-new\/\"},{\"@type\":\"ListItem\",\"position\":2,\"name\":\"Cookies Policy\"}]},{\"@type\":\"WebSite\",\"@id\":\"https:\/\/www.tecnitasa.es\/#website\",\"url\":\"https:\/\/www.tecnitasa.es\/\",\"name\":\"Grupo Tecnitasa\",\"description\":\"Valoraci\u00f3n, Tasaci\u00f3n, Consultor\u00eda y Sostenibilidad.\",\"publisher\":{\"@id\":\"https:\/\/www.tecnitasa.es\/#organization\"},\"potentialAction\":[{\"@type\":\"SearchAction\",\"target\":{\"@type\":\"EntryPoint\",\"urlTemplate\":\"https:\/\/www.tecnitasa.es\/?s={search_term_string}\"},\"query-input\":{\"@type\":\"PropertyValueSpecification\",\"valueRequired\":true,\"valueName\":\"search_term_string\"}}],\"inLanguage\":\"en-US\"},{\"@type\":\"Organization\",\"@id\":\"https:\/\/www.tecnitasa.es\/#organization\",\"name\":\"TECNITASA\",\"url\":\"https:\/\/www.tecnitasa.es\/\",\"logo\":{\"@type\":\"ImageObject\",\"inLanguage\":\"en-US\",\"@id\":\"https:\/\/www.tecnitasa.es\/#\/schema\/logo\/image\/\",\"url\":\"https:\/\/www.tecnitasa.es\/wp-content\/uploads\/2021\/11\/logo-tecnitasa-rojo.png\",\"contentUrl\":\"https:\/\/www.tecnitasa.es\/wp-content\/uploads\/2021\/11\/logo-tecnitasa-rojo.png\",\"width\":500,\"height\":70,\"caption\":\"TECNITASA\"},\"image\":{\"@id\":\"https:\/\/www.tecnitasa.es\/#\/schema\/logo\/image\/\"}}]}<\/script>\n<!-- \/ Yoast SEO plugin. -->","yoast_head_json":{"title":"Cookies Policy - Grupo Tecnitasa","robots":{"index":"noindex","follow":"follow"},"og_locale":"en_US","og_type":"article","og_title":"Cookies Policy - Grupo Tecnitasa","og_description":"COOKIES POLICY TECNITASA Access to www.tecnitasa.es may involve the use of cookies. Cookies are small amounts of information that are stored in the browser used by each User &#8211; in the different devices they may use to browse &#8211; so that the server remembers certain information that will later be read only by the server [&hellip;]","og_url":"https:\/\/www.tecnitasa.es\/politica-de-cookies\/","og_site_name":"Grupo Tecnitasa","article_modified_time":"2024-01-15T12:09:43+00:00","twitter_card":"summary_large_image","twitter_misc":{"Est. reading time":"4 minutes"},"schema":{"@context":"https:\/\/schema.org","@graph":[{"@type":"WebPage","@id":"https:\/\/www.tecnitasa.es\/politica-de-cookies\/","url":"https:\/\/www.tecnitasa.es\/politica-de-cookies\/","name":"Cookies Policy - Grupo Tecnitasa","isPartOf":{"@id":"https:\/\/www.tecnitasa.es\/#website"},"datePublished":"2020-12-06T17:38:31+00:00","dateModified":"2024-01-15T12:09:43+00:00","breadcrumb":{"@id":"https:\/\/www.tecnitasa.es\/politica-de-cookies\/#breadcrumb"},"inLanguage":"en-US","potentialAction":[{"@type":"ReadAction","target":["https:\/\/www.tecnitasa.es\/politica-de-cookies\/"]}]},{"@type":"BreadcrumbList","@id":"https:\/\/www.tecnitasa.es\/politica-de-cookies\/#breadcrumb","itemListElement":[{"@type":"ListItem","position":1,"name":"TECNITASA","item":"https:\/\/www.tecnitasa.es\/en\/home-new\/"},{"@type":"ListItem","position":2,"name":"Cookies Policy"}]},{"@type":"WebSite","@id":"https:\/\/www.tecnitasa.es\/#website","url":"https:\/\/www.tecnitasa.es\/","name":"Grupo Tecnitasa","description":"Valoraci\u00f3n, Tasaci\u00f3n, Consultor\u00eda y Sostenibilidad.","publisher":{"@id":"https:\/\/www.tecnitasa.es\/#organization"},"potentialAction":[{"@type":"SearchAction","target":{"@type":"EntryPoint","urlTemplate":"https:\/\/www.tecnitasa.es\/?s={search_term_string}"},"query-input":{"@type":"PropertyValueSpecification","valueRequired":true,"valueName":"search_term_string"}}],"inLanguage":"en-US"},{"@type":"Organization","@id":"https:\/\/www.tecnitasa.es\/#organization","name":"TECNITASA","url":"https:\/\/www.tecnitasa.es\/","logo":{"@type":"ImageObject","inLanguage":"en-US","@id":"https:\/\/www.tecnitasa.es\/#\/schema\/logo\/image\/","url":"https:\/\/www.tecnitasa.es\/wp-content\/uploads\/2021\/11\/logo-tecnitasa-rojo.png","contentUrl":"https:\/\/www.tecnitasa.es\/wp-content\/uploads\/2021\/11\/logo-tecnitasa-rojo.png","width":500,"height":70,"caption":"TECNITASA"},"image":{"@id":"https:\/\/www.tecnitasa.es\/#\/schema\/logo\/image\/"}}]}},"_links":{"self":[{"href":"https:\/\/www.tecnitasa.es\/en\/wp-json\/wp\/v2\/pages\/10778","targetHints":{"allow":["GET"]}}],"collection":[{"href":"https:\/\/www.tecnitasa.es\/en\/wp-json\/wp\/v2\/pages"}],"about":[{"href":"https:\/\/www.tecnitasa.es\/en\/wp-json\/wp\/v2\/types\/page"}],"author":[{"embeddable":true,"href":"https:\/\/www.tecnitasa.es\/en\/wp-json\/wp\/v2\/users\/1"}],"replies":[{"embeddable":true,"href":"https:\/\/www.tecnitasa.es\/en\/wp-json\/wp\/v2\/comments?post=10778"}],"version-history":[{"count":0,"href":"https:\/\/www.tecnitasa.es\/en\/wp-json\/wp\/v2\/pages\/10778\/revisions"}],"wp:attachment":[{"href":"https:\/\/www.tecnitasa.es\/en\/wp-json\/wp\/v2\/media?parent=10778"}],"curies":[{"name":"wp","href":"https:\/\/api.w.org\/{rel}","templated":true}]}}