{"id":10780,"date":"2020-10-30T10:59:49","date_gmt":"2020-10-30T09:59:49","guid":{"rendered":"https:\/\/www.tecnitasa.es\/privacy-policy\/"},"modified":"2024-01-15T13:06:26","modified_gmt":"2024-01-15T12:06:26","slug":"privacy-policy","status":"publish","type":"page","link":"https:\/\/www.tecnitasa.es\/en\/privacy-policy\/","title":{"rendered":"Privacy Policy"},"content":{"rendered":"\t\t<div data-elementor-type=\"wp-page\" data-elementor-id=\"10780\" class=\"elementor elementor-10780 elementor-1030\" data-elementor-post-type=\"page\">\n\t\t\t\t\t\t<section class=\"elementor-section elementor-top-section elementor-element elementor-element-63996df elementor-section-height-min-height elementor-section-boxed elementor-section-height-default elementor-section-items-middle\" data-id=\"63996df\" data-element_type=\"section\" data-settings=\"{&quot;jet_parallax_layout_list&quot;:[{&quot;jet_parallax_layout_image&quot;:{&quot;url&quot;:&quot;&quot;,&quot;id&quot;:&quot;&quot;,&quot;size&quot;:&quot;&quot;},&quot;_id&quot;:&quot;c5f1fd7&quot;,&quot;jet_parallax_layout_speed&quot;:{&quot;unit&quot;:&quot;%&quot;,&quot;size&quot;:&quot;50&quot;,&quot;sizes&quot;:[]},&quot;jet_parallax_layout_bg_x&quot;:&quot;50&quot;,&quot;jet_parallax_layout_bg_y&quot;:&quot;50&quot;,&quot;jet_parallax_layout_image_tablet&quot;:{&quot;url&quot;:&quot;&quot;,&quot;id&quot;:&quot;&quot;,&quot;size&quot;:&quot;&quot;},&quot;jet_parallax_layout_image_mobile&quot;:{&quot;url&quot;:&quot;&quot;,&quot;id&quot;:&quot;&quot;,&quot;size&quot;:&quot;&quot;},&quot;jet_parallax_layout_type&quot;:&quot;scroll&quot;,&quot;jet_parallax_layout_direction&quot;:&quot;1&quot;,&quot;jet_parallax_layout_fx_direction&quot;:null,&quot;jet_parallax_layout_z_index&quot;:&quot;&quot;,&quot;jet_parallax_layout_bg_x_tablet&quot;:&quot;&quot;,&quot;jet_parallax_layout_bg_x_mobile&quot;:&quot;&quot;,&quot;jet_parallax_layout_bg_y_tablet&quot;:&quot;&quot;,&quot;jet_parallax_layout_bg_y_mobile&quot;:&quot;&quot;,&quot;jet_parallax_layout_bg_size&quot;:&quot;auto&quot;,&quot;jet_parallax_layout_bg_size_tablet&quot;:&quot;&quot;,&quot;jet_parallax_layout_bg_size_mobile&quot;:&quot;&quot;,&quot;jet_parallax_layout_animation_prop&quot;:&quot;transform&quot;,&quot;jet_parallax_layout_on&quot;:[&quot;desktop&quot;,&quot;tablet&quot;]}],&quot;background_background&quot;:&quot;classic&quot;}\">\n\t\t\t\t\t\t\t<div class=\"elementor-background-overlay\"><\/div>\n\t\t\t\t\t\t\t<div class=\"elementor-container elementor-column-gap-default\">\n\t\t\t\t\t<div class=\"elementor-column elementor-col-100 elementor-top-column elementor-element elementor-element-8c11440\" data-id=\"8c11440\" data-element_type=\"column\">\n\t\t\t<div class=\"elementor-widget-wrap elementor-element-populated\">\n\t\t\t\t\t\t<div class=\"elementor-element elementor-element-eb127e0 elementor-mobile-align-center elementor-align-left elementor-widget elementor-widget-raven-heading\" data-id=\"eb127e0\" data-element_type=\"widget\" data-widget_type=\"raven-heading.default\">\n\t\t\t\t<div class=\"elementor-widget-container\">\n\t\t\t\t\t\t\t<div class=\"raven-widget-wrapper\"><h1 class=\"raven-heading raven-heading-h1\"><span class=\"raven-heading-title \">PRIVACY POLICY<\/span><\/h1><\/div>\r\n\t\t\t\t\t\t<\/div>\n\t\t\t\t<\/div>\n\t\t\t\t<div class=\"elementor-element elementor-element-3bcaf8b elementor-mobile-align-center elementor-align-flex-start elementor-widget elementor-widget-raven-breadcrumbs\" data-id=\"3bcaf8b\" data-element_type=\"widget\" data-widget_type=\"raven-breadcrumbs.default\">\n\t\t\t\t<div class=\"elementor-widget-container\">\n\t\t\t\t\t<div class=\"raven-breadcrumbs raven-breadcrumbs-yoast\"><div id=\"breadcrumbs\"><span><span><a href=\"https:\/\/www.tecnitasa.es\/en\/home-new\/\">TECNITASA<\/a><\/span><\/span><\/div><\/div>\t\t\t\t<\/div>\n\t\t\t\t<\/div>\n\t\t\t\t\t<\/div>\n\t\t<\/div>\n\t\t\t\t\t<\/div>\n\t\t<\/section>\n\t\t\t\t<section class=\"elementor-section elementor-top-section elementor-element elementor-element-138f37f elementor-section-content-middle elementor-section-boxed elementor-section-height-default elementor-section-height-default\" data-id=\"138f37f\" data-element_type=\"section\" data-settings=\"{&quot;jet_parallax_layout_list&quot;:[{&quot;_id&quot;:&quot;97d519c&quot;,&quot;jet_parallax_layout_image&quot;:{&quot;url&quot;:&quot;&quot;,&quot;id&quot;:&quot;&quot;,&quot;size&quot;:&quot;&quot;},&quot;jet_parallax_layout_image_tablet&quot;:{&quot;url&quot;:&quot;&quot;,&quot;id&quot;:&quot;&quot;,&quot;size&quot;:&quot;&quot;},&quot;jet_parallax_layout_image_mobile&quot;:{&quot;url&quot;:&quot;&quot;,&quot;id&quot;:&quot;&quot;,&quot;size&quot;:&quot;&quot;},&quot;jet_parallax_layout_speed&quot;:{&quot;unit&quot;:&quot;%&quot;,&quot;size&quot;:50,&quot;sizes&quot;:[]},&quot;jet_parallax_layout_type&quot;:&quot;scroll&quot;,&quot;jet_parallax_layout_direction&quot;:&quot;1&quot;,&quot;jet_parallax_layout_fx_direction&quot;:null,&quot;jet_parallax_layout_z_index&quot;:&quot;&quot;,&quot;jet_parallax_layout_bg_x&quot;:50,&quot;jet_parallax_layout_bg_x_tablet&quot;:&quot;&quot;,&quot;jet_parallax_layout_bg_x_mobile&quot;:&quot;&quot;,&quot;jet_parallax_layout_bg_y&quot;:50,&quot;jet_parallax_layout_bg_y_tablet&quot;:&quot;&quot;,&quot;jet_parallax_layout_bg_y_mobile&quot;:&quot;&quot;,&quot;jet_parallax_layout_bg_size&quot;:&quot;auto&quot;,&quot;jet_parallax_layout_bg_size_tablet&quot;:&quot;&quot;,&quot;jet_parallax_layout_bg_size_mobile&quot;:&quot;&quot;,&quot;jet_parallax_layout_animation_prop&quot;:&quot;transform&quot;,&quot;jet_parallax_layout_on&quot;:[&quot;desktop&quot;,&quot;tablet&quot;]}]}\">\n\t\t\t\t\t\t<div class=\"elementor-container elementor-column-gap-no\">\n\t\t\t\t\t<div class=\"elementor-column elementor-col-100 elementor-top-column elementor-element elementor-element-6543d70\" data-id=\"6543d70\" data-element_type=\"column\">\n\t\t\t<div class=\"elementor-widget-wrap elementor-element-populated\">\n\t\t\t\t\t\t<div class=\"elementor-element elementor-element-3b8ea35 elementor-widget elementor-widget-text-editor\" data-id=\"3b8ea35\" data-element_type=\"widget\" data-widget_type=\"text-editor.default\">\n\t\t\t\t<div class=\"elementor-widget-container\">\n\t\t\t\t\t\t\t\t\t<p>In the processing of your data, TECNITASA applies the provisions established in REGULATION (EU) 2016\/679 OF THE EUROPEAN PARLIAMENT AND OF THE COUNCIL of 27 April 2016 (GDPR) and in Organic Law 3\/2018, of 5 December, on the Protection of Personal Data and Guarantee of Digital Rights (LOPDGDD), for the processing of personal data under its responsibility, implementing the technical and organizational measures at its disposal, necessary to guarantee an adequate level of security to protect the rights and freedoms of the data subjects under the terms established by article 32 of the GDPR.<\/p>\n\t\t\t\t\t\t\t\t<\/div>\n\t\t\t\t<\/div>\n\t\t\t\t<div class=\"elementor-element elementor-element-bc2bfce elementor-widget elementor-widget-heading\" data-id=\"bc2bfce\" data-element_type=\"widget\" data-widget_type=\"heading.default\">\n\t\t\t\t<div class=\"elementor-widget-container\">\n\t\t\t\t\t<h4 class=\"elementor-heading-title elementor-size-default\">DATA CONTROLLER<\/h4>\t\t\t\t<\/div>\n\t\t\t\t<\/div>\n\t\t\t\t<div class=\"elementor-element elementor-element-dbdeb4b elementor-widget elementor-widget-text-editor\" data-id=\"dbdeb4b\" data-element_type=\"widget\" data-widget_type=\"text-editor.default\">\n\t\t\t\t<div class=\"elementor-widget-container\">\n\t\t\t\t\t\t\t\t\t<ul>\n<li>Identity: T\u00e9cnicos en Tasaciones, S.A. Tax Identification Code: A78116324<\/li>\n<li>Address: Avda. Europa 19 Edificio 2 1\u00baD<\/li>\n<li>Registered in the Mercantile Registry of Madrid, Sheet M-48105, Volume 2719, Folio 192<\/li>\n<li>Telephone: 917823820<\/li>\n<li>E-mail: <a href=\"mailto:atencionalcliente@tecnitasa.es\">atencionalcliente@tecnitasa.es<\/a><\/li>\n<\/ul>\n\t\t\t\t\t\t\t\t<\/div>\n\t\t\t\t<\/div>\n\t\t\t\t<div class=\"elementor-element elementor-element-c1699b4 elementor-widget elementor-widget-heading\" data-id=\"c1699b4\" data-element_type=\"widget\" data-widget_type=\"heading.default\">\n\t\t\t\t<div class=\"elementor-widget-container\">\n\t\t\t\t\t<h4 class=\"elementor-heading-title elementor-size-default\">PURPOSE OF DATA PROCESSING<\/h4>\t\t\t\t<\/div>\n\t\t\t\t<\/div>\n\t\t\t\t<div class=\"elementor-element elementor-element-354f3e5 elementor-widget elementor-widget-text-editor\" data-id=\"354f3e5\" data-element_type=\"widget\" data-widget_type=\"text-editor.default\">\n\t\t\t\t<div class=\"elementor-widget-container\">\n\t\t\t\t\t\t\t\t\t<p><strong>T\u00e9cnicos en Tasaci\u00f3n, S.A<\/strong>., hereinafter <strong>TECNITASA<\/strong>, will process the information provided by the data subjects in each of the sections of the website for the following purposes:<\/p>\n<p>Processing of requests for appraisals<\/p>\n<p>Resolution of queries and sending the information requested by the data subject<\/p>\n\t\t\t\t\t\t\t\t<\/div>\n\t\t\t\t<\/div>\n\t\t\t\t<div class=\"elementor-element elementor-element-06a047e elementor-widget elementor-widget-heading\" data-id=\"06a047e\" data-element_type=\"widget\" data-widget_type=\"heading.default\">\n\t\t\t\t<div class=\"elementor-widget-container\">\n\t\t\t\t\t<h4 class=\"elementor-heading-title elementor-size-default\">LEGITIMACY FOR DATA PROCESSING<\/h4>\t\t\t\t<\/div>\n\t\t\t\t<\/div>\n\t\t\t\t<div class=\"elementor-element elementor-element-e36c7fa elementor-widget elementor-widget-text-editor\" data-id=\"e36c7fa\" data-element_type=\"widget\" data-widget_type=\"text-editor.default\">\n\t\t\t\t<div class=\"elementor-widget-container\">\n\t\t\t\t\t\t\t\t\t<p>The processing of the data of the data subject by <strong>TECNITASA<\/strong> will have its legitimacy in the consent explicitly given for the purposes foreseen, in accordance with the forms available on our website.<\/p>\n<p><strong>TECNITASA<\/strong> may send commercial information to the data subject about the products or services offered on the website, as well as news related to its activity, only in those cases in which the data subject has explicitly accepted these communications, marking the checkbox in the contact forms, request for services, or request for information.<\/p>\n\t\t\t\t\t\t\t\t<\/div>\n\t\t\t\t<\/div>\n\t\t\t\t<div class=\"elementor-element elementor-element-8e00e4d elementor-widget elementor-widget-heading\" data-id=\"8e00e4d\" data-element_type=\"widget\" data-widget_type=\"heading.default\">\n\t\t\t\t<div class=\"elementor-widget-container\">\n\t\t\t\t\t<h4 class=\"elementor-heading-title elementor-size-default\">STORAGE OF DATA<\/h4>\t\t\t\t<\/div>\n\t\t\t\t<\/div>\n\t\t\t\t<div class=\"elementor-element elementor-element-68c3380 elementor-widget elementor-widget-text-editor\" data-id=\"68c3380\" data-element_type=\"widget\" data-widget_type=\"text-editor.default\">\n\t\t\t\t<div class=\"elementor-widget-container\">\n\t\t\t\t\t\t\t\t\t<p><strong>TECNITASA<\/strong> will store the data for one year in compliance with the provisions of Art. 5 of Law 25\/2007, of 18 October, on the storage of data relating to electronic communications and public communications networks, unless a commercial or employment relationship is derived from the information provided, in which case the data will be kept for as long as this relationship lasts, or for the period established in any applicable legislation.<\/p>\n\t\t\t\t\t\t\t\t<\/div>\n\t\t\t\t<\/div>\n\t\t\t\t<div class=\"elementor-element elementor-element-8376dac elementor-widget elementor-widget-heading\" data-id=\"8376dac\" data-element_type=\"widget\" data-widget_type=\"heading.default\">\n\t\t\t\t<div class=\"elementor-widget-container\">\n\t\t\t\t\t<h4 class=\"elementor-heading-title elementor-size-default\">DISCLOSURE OF DATA<\/h4>\t\t\t\t<\/div>\n\t\t\t\t<\/div>\n\t\t\t\t<div class=\"elementor-element elementor-element-dc41226 elementor-widget elementor-widget-text-editor\" data-id=\"dc41226\" data-element_type=\"widget\" data-widget_type=\"text-editor.default\">\n\t\t\t\t<div class=\"elementor-widget-container\">\n\t\t\t\t\t\t\t\t\t<p>The data provided by data subjects may not be transferred to third parties without express consent, except to the competent Public Administrations, when these so require in order to comply with any legal obligation of the data controller. The transfer of data to other countries, outside the scope of application of the GDPR and LOPDGDD, is not foreseen.<\/p>\n\t\t\t\t\t\t\t\t<\/div>\n\t\t\t\t<\/div>\n\t\t\t\t<div class=\"elementor-element elementor-element-f7f2192 elementor-widget elementor-widget-heading\" data-id=\"f7f2192\" data-element_type=\"widget\" data-widget_type=\"heading.default\">\n\t\t\t\t<div class=\"elementor-widget-container\">\n\t\t\t\t\t<h4 class=\"elementor-heading-title elementor-size-default\">RIGHTS OF THE DATA SUBJECT<\/h4>\t\t\t\t<\/div>\n\t\t\t\t<\/div>\n\t\t\t\t<div class=\"elementor-element elementor-element-f35a1f3 elementor-widget elementor-widget-text-editor\" data-id=\"f35a1f3\" data-element_type=\"widget\" data-widget_type=\"text-editor.default\">\n\t\t\t\t<div class=\"elementor-widget-container\">\n\t\t\t\t\t\t\t\t\t<p>Any Data Subject has the right to obtain information about the processing of his\/her personal data and to exercise the rights set out in the Regulation. Specifically, the data subject has the right to:<\/p>\n<ol>\n<li>Request access to his\/her personal data,<\/li>\n<li>request its rectification or deletion,<\/li>\n<li>request the restriction on data processing,<\/li>\n<li>d) object to the processing and<\/li>\n<li>to request data portability.<\/li>\n<\/ol>\n<p>Any person has the right to obtain confirmation as to whether or not <strong>TECNITASA<\/strong> is processing personal data concerning them.<\/p>\n<p>Likewise, the data subject party has the right to request rectification of inaccurate data or, where appropriate, to request the erasure of the same when, inter alia, the data are no longer required for the purposes for which they were collected or when the data subject decides to withdraw the consent on which the processing was based.<\/p>\n<p>The data subjects may also request the restriction on the processing of their data, in which case they will only be stored by <strong>TECNITASA<\/strong> for the fulfilment of legal obligations and for the exercise or defence of claims.<\/p>\n<p><strong>TECNITASA<\/strong> will cease processing your data whenever you communicate your objection to such processing, except for compelling legitimate reasons, or for the exercise or defence of possible claims.<\/p>\n<p>The data subject may receive the personal data provided to <strong>TECNITASA<\/strong>, in a structured, commonly used and machine-readable format, as well as to request that it be transmitted to another entity responsible for the processing.<\/p>\n<p>The data subject may exercise the rights described in this section at the e-mail address: atencionalcliente@tecnitasa.es, identifying themselves with the User data provided in the registration process. If you do not have such User data, you must confirm the data initially provided as proof of identity.<\/p>\n\t\t\t\t\t\t\t\t<\/div>\n\t\t\t\t<\/div>\n\t\t\t\t<div class=\"elementor-element elementor-element-ee3c716 elementor-widget elementor-widget-heading\" data-id=\"ee3c716\" data-element_type=\"widget\" data-widget_type=\"heading.default\">\n\t\t\t\t<div class=\"elementor-widget-container\">\n\t\t\t\t\t<h4 class=\"elementor-heading-title elementor-size-default\">COMPULSORY DATA<\/h4>\t\t\t\t<\/div>\n\t\t\t\t<\/div>\n\t\t\t\t<div class=\"elementor-element elementor-element-a563152 elementor-widget elementor-widget-text-editor\" data-id=\"a563152\" data-element_type=\"widget\" data-widget_type=\"text-editor.default\">\n\t\t\t\t<div class=\"elementor-widget-container\">\n\t\t\t\t\t\t\t\t\t<p>By ticking the corresponding boxes and entering data in the fields marked with an asterisk (*) in the forms available on our website, the Data Subjects expressly and freely and unequivocally accept that their data are necessary for <strong>TECNITASA<\/strong> to deal with their request. The inclusion of data in the remaining fields is voluntary. The data subject states that the personal data provided in the forms are truthful and the data subject is responsible for notifying any modification of the same.<\/p>\n<p>Madrid, 25 January 2020<\/p>\n\t\t\t\t\t\t\t\t<\/div>\n\t\t\t\t<\/div>\n\t\t\t\t\t<\/div>\n\t\t<\/div>\n\t\t\t\t\t<\/div>\n\t\t<\/section>\n\t\t\t\t<\/div>\n\t\t","protected":false},"excerpt":{"rendered":"<p>PRIVACY POLICY TECNITASA In the processing of your data, TECNITASA applies the provisions established in REGULATION (EU) 2016\/679 OF THE EUROPEAN PARLIAMENT AND OF THE COUNCIL of 27 April 2016 (GDPR) and in Organic Law 3\/2018, of 5 December, on the Protection of Personal Data and Guarantee of Digital Rights (LOPDGDD), for the processing of [&hellip;]<\/p>\n","protected":false},"author":1,"featured_media":0,"parent":0,"menu_order":0,"comment_status":"closed","ping_status":"closed","template":"elementor_header_footer","meta":{"_acf_changed":false,"footnotes":""},"class_list":["post-10780","page","type-page","status-publish","hentry"],"acf":[],"yoast_head":"<!-- This site is optimized with the Yoast SEO plugin v25.7 - https:\/\/yoast.com\/wordpress\/plugins\/seo\/ -->\n<title>Privacy Policy - Grupo Tecnitasa<\/title>\n<meta name=\"robots\" content=\"noindex, follow\" \/>\n<meta property=\"og:locale\" content=\"en_US\" \/>\n<meta property=\"og:type\" content=\"article\" \/>\n<meta property=\"og:title\" content=\"Privacy Policy - Grupo Tecnitasa\" \/>\n<meta property=\"og:description\" content=\"PRIVACY POLICY TECNITASA In the processing of your data, TECNITASA applies the provisions established in REGULATION (EU) 2016\/679 OF THE EUROPEAN PARLIAMENT AND OF THE COUNCIL of 27 April 2016 (GDPR) and in Organic Law 3\/2018, of 5 December, on the Protection of Personal Data and Guarantee of Digital Rights (LOPDGDD), for the processing of [&hellip;]\" \/>\n<meta property=\"og:url\" content=\"https:\/\/www.tecnitasa.es\/politica-de-privacidad\/\" \/>\n<meta property=\"og:site_name\" content=\"Grupo Tecnitasa\" \/>\n<meta property=\"article:modified_time\" content=\"2024-01-15T12:06:26+00:00\" \/>\n<meta name=\"twitter:card\" content=\"summary_large_image\" \/>\n<meta name=\"twitter:label1\" content=\"Est. reading time\" \/>\n\t<meta name=\"twitter:data1\" content=\"4 minutes\" \/>\n<script type=\"application\/ld+json\" class=\"yoast-schema-graph\">{\"@context\":\"https:\/\/schema.org\",\"@graph\":[{\"@type\":\"WebPage\",\"@id\":\"https:\/\/www.tecnitasa.es\/politica-de-privacidad\/\",\"url\":\"https:\/\/www.tecnitasa.es\/politica-de-privacidad\/\",\"name\":\"Privacy Policy - Grupo Tecnitasa\",\"isPartOf\":{\"@id\":\"https:\/\/www.tecnitasa.es\/#website\"},\"datePublished\":\"2020-10-30T09:59:49+00:00\",\"dateModified\":\"2024-01-15T12:06:26+00:00\",\"breadcrumb\":{\"@id\":\"https:\/\/www.tecnitasa.es\/politica-de-privacidad\/#breadcrumb\"},\"inLanguage\":\"en-US\",\"potentialAction\":[{\"@type\":\"ReadAction\",\"target\":[\"https:\/\/www.tecnitasa.es\/politica-de-privacidad\/\"]}]},{\"@type\":\"BreadcrumbList\",\"@id\":\"https:\/\/www.tecnitasa.es\/politica-de-privacidad\/#breadcrumb\",\"itemListElement\":[{\"@type\":\"ListItem\",\"position\":1,\"name\":\"TECNITASA\",\"item\":\"https:\/\/www.tecnitasa.es\/en\/home-new\/\"},{\"@type\":\"ListItem\",\"position\":2,\"name\":\"Privacy Policy\"}]},{\"@type\":\"WebSite\",\"@id\":\"https:\/\/www.tecnitasa.es\/#website\",\"url\":\"https:\/\/www.tecnitasa.es\/\",\"name\":\"Grupo Tecnitasa\",\"description\":\"Valoraci\u00f3n, Tasaci\u00f3n, Consultor\u00eda y Sostenibilidad.\",\"publisher\":{\"@id\":\"https:\/\/www.tecnitasa.es\/#organization\"},\"potentialAction\":[{\"@type\":\"SearchAction\",\"target\":{\"@type\":\"EntryPoint\",\"urlTemplate\":\"https:\/\/www.tecnitasa.es\/?s={search_term_string}\"},\"query-input\":{\"@type\":\"PropertyValueSpecification\",\"valueRequired\":true,\"valueName\":\"search_term_string\"}}],\"inLanguage\":\"en-US\"},{\"@type\":\"Organization\",\"@id\":\"https:\/\/www.tecnitasa.es\/#organization\",\"name\":\"TECNITASA\",\"url\":\"https:\/\/www.tecnitasa.es\/\",\"logo\":{\"@type\":\"ImageObject\",\"inLanguage\":\"en-US\",\"@id\":\"https:\/\/www.tecnitasa.es\/#\/schema\/logo\/image\/\",\"url\":\"https:\/\/www.tecnitasa.es\/wp-content\/uploads\/2021\/11\/logo-tecnitasa-rojo.png\",\"contentUrl\":\"https:\/\/www.tecnitasa.es\/wp-content\/uploads\/2021\/11\/logo-tecnitasa-rojo.png\",\"width\":500,\"height\":70,\"caption\":\"TECNITASA\"},\"image\":{\"@id\":\"https:\/\/www.tecnitasa.es\/#\/schema\/logo\/image\/\"}}]}<\/script>\n<!-- \/ Yoast SEO plugin. -->","yoast_head_json":{"title":"Privacy Policy - Grupo Tecnitasa","robots":{"index":"noindex","follow":"follow"},"og_locale":"en_US","og_type":"article","og_title":"Privacy Policy - Grupo Tecnitasa","og_description":"PRIVACY POLICY TECNITASA In the processing of your data, TECNITASA applies the provisions established in REGULATION (EU) 2016\/679 OF THE EUROPEAN PARLIAMENT AND OF THE COUNCIL of 27 April 2016 (GDPR) and in Organic Law 3\/2018, of 5 December, on the Protection of Personal Data and Guarantee of Digital Rights (LOPDGDD), for the processing of [&hellip;]","og_url":"https:\/\/www.tecnitasa.es\/politica-de-privacidad\/","og_site_name":"Grupo Tecnitasa","article_modified_time":"2024-01-15T12:06:26+00:00","twitter_card":"summary_large_image","twitter_misc":{"Est. reading time":"4 minutes"},"schema":{"@context":"https:\/\/schema.org","@graph":[{"@type":"WebPage","@id":"https:\/\/www.tecnitasa.es\/politica-de-privacidad\/","url":"https:\/\/www.tecnitasa.es\/politica-de-privacidad\/","name":"Privacy Policy - Grupo Tecnitasa","isPartOf":{"@id":"https:\/\/www.tecnitasa.es\/#website"},"datePublished":"2020-10-30T09:59:49+00:00","dateModified":"2024-01-15T12:06:26+00:00","breadcrumb":{"@id":"https:\/\/www.tecnitasa.es\/politica-de-privacidad\/#breadcrumb"},"inLanguage":"en-US","potentialAction":[{"@type":"ReadAction","target":["https:\/\/www.tecnitasa.es\/politica-de-privacidad\/"]}]},{"@type":"BreadcrumbList","@id":"https:\/\/www.tecnitasa.es\/politica-de-privacidad\/#breadcrumb","itemListElement":[{"@type":"ListItem","position":1,"name":"TECNITASA","item":"https:\/\/www.tecnitasa.es\/en\/home-new\/"},{"@type":"ListItem","position":2,"name":"Privacy Policy"}]},{"@type":"WebSite","@id":"https:\/\/www.tecnitasa.es\/#website","url":"https:\/\/www.tecnitasa.es\/","name":"Grupo Tecnitasa","description":"Valoraci\u00f3n, Tasaci\u00f3n, Consultor\u00eda y Sostenibilidad.","publisher":{"@id":"https:\/\/www.tecnitasa.es\/#organization"},"potentialAction":[{"@type":"SearchAction","target":{"@type":"EntryPoint","urlTemplate":"https:\/\/www.tecnitasa.es\/?s={search_term_string}"},"query-input":{"@type":"PropertyValueSpecification","valueRequired":true,"valueName":"search_term_string"}}],"inLanguage":"en-US"},{"@type":"Organization","@id":"https:\/\/www.tecnitasa.es\/#organization","name":"TECNITASA","url":"https:\/\/www.tecnitasa.es\/","logo":{"@type":"ImageObject","inLanguage":"en-US","@id":"https:\/\/www.tecnitasa.es\/#\/schema\/logo\/image\/","url":"https:\/\/www.tecnitasa.es\/wp-content\/uploads\/2021\/11\/logo-tecnitasa-rojo.png","contentUrl":"https:\/\/www.tecnitasa.es\/wp-content\/uploads\/2021\/11\/logo-tecnitasa-rojo.png","width":500,"height":70,"caption":"TECNITASA"},"image":{"@id":"https:\/\/www.tecnitasa.es\/#\/schema\/logo\/image\/"}}]}},"_links":{"self":[{"href":"https:\/\/www.tecnitasa.es\/en\/wp-json\/wp\/v2\/pages\/10780","targetHints":{"allow":["GET"]}}],"collection":[{"href":"https:\/\/www.tecnitasa.es\/en\/wp-json\/wp\/v2\/pages"}],"about":[{"href":"https:\/\/www.tecnitasa.es\/en\/wp-json\/wp\/v2\/types\/page"}],"author":[{"embeddable":true,"href":"https:\/\/www.tecnitasa.es\/en\/wp-json\/wp\/v2\/users\/1"}],"replies":[{"embeddable":true,"href":"https:\/\/www.tecnitasa.es\/en\/wp-json\/wp\/v2\/comments?post=10780"}],"version-history":[{"count":0,"href":"https:\/\/www.tecnitasa.es\/en\/wp-json\/wp\/v2\/pages\/10780\/revisions"}],"wp:attachment":[{"href":"https:\/\/www.tecnitasa.es\/en\/wp-json\/wp\/v2\/media?parent=10780"}],"curies":[{"name":"wp","href":"https:\/\/api.w.org\/{rel}","templated":true}]}}