{"id":10790,"date":"2021-01-11T21:16:57","date_gmt":"2021-01-11T20:16:57","guid":{"rendered":"https:\/\/www.tecnitasa.es\/request-your-appraisal\/"},"modified":"2023-12-24T11:35:41","modified_gmt":"2023-12-24T10:35:41","slug":"request-your-appraisal","status":"publish","type":"page","link":"https:\/\/www.tecnitasa.es\/en\/request-your-appraisal\/","title":{"rendered":"Request your appraisal"},"content":{"rendered":"\t\t<div data-elementor-type=\"wp-page\" data-elementor-id=\"10790\" class=\"elementor elementor-10790 elementor-1801\" data-elementor-post-type=\"page\">\n\t\t\t\t\t\t<section class=\"elementor-section elementor-top-section elementor-element elementor-element-a847019 elementor-section-height-min-height elementor-section-boxed elementor-section-height-default elementor-section-items-middle\" data-id=\"a847019\" data-element_type=\"section\" data-settings=\"{&quot;jet_parallax_layout_list&quot;:[{&quot;jet_parallax_layout_image&quot;:{&quot;url&quot;:&quot;&quot;,&quot;id&quot;:&quot;&quot;,&quot;size&quot;:&quot;&quot;},&quot;_id&quot;:&quot;c5f1fd7&quot;,&quot;jet_parallax_layout_speed&quot;:{&quot;unit&quot;:&quot;%&quot;,&quot;size&quot;:&quot;50&quot;,&quot;sizes&quot;:[]},&quot;jet_parallax_layout_bg_x&quot;:&quot;50&quot;,&quot;jet_parallax_layout_bg_y&quot;:&quot;50&quot;,&quot;jet_parallax_layout_image_tablet&quot;:{&quot;url&quot;:&quot;&quot;,&quot;id&quot;:&quot;&quot;,&quot;size&quot;:&quot;&quot;},&quot;jet_parallax_layout_image_mobile&quot;:{&quot;url&quot;:&quot;&quot;,&quot;id&quot;:&quot;&quot;,&quot;size&quot;:&quot;&quot;},&quot;jet_parallax_layout_type&quot;:&quot;scroll&quot;,&quot;jet_parallax_layout_direction&quot;:&quot;1&quot;,&quot;jet_parallax_layout_fx_direction&quot;:null,&quot;jet_parallax_layout_z_index&quot;:&quot;&quot;,&quot;jet_parallax_layout_bg_x_tablet&quot;:&quot;&quot;,&quot;jet_parallax_layout_bg_x_mobile&quot;:&quot;&quot;,&quot;jet_parallax_layout_bg_y_tablet&quot;:&quot;&quot;,&quot;jet_parallax_layout_bg_y_mobile&quot;:&quot;&quot;,&quot;jet_parallax_layout_bg_size&quot;:&quot;auto&quot;,&quot;jet_parallax_layout_bg_size_tablet&quot;:&quot;&quot;,&quot;jet_parallax_layout_bg_size_mobile&quot;:&quot;&quot;,&quot;jet_parallax_layout_animation_prop&quot;:&quot;transform&quot;,&quot;jet_parallax_layout_on&quot;:[&quot;desktop&quot;,&quot;tablet&quot;]}],&quot;background_background&quot;:&quot;classic&quot;}\">\n\t\t\t\t\t\t\t<div class=\"elementor-background-overlay\"><\/div>\n\t\t\t\t\t\t\t<div class=\"elementor-container elementor-column-gap-default\">\n\t\t\t\t\t<div class=\"elementor-column elementor-col-100 elementor-top-column elementor-element elementor-element-02f4ab9\" data-id=\"02f4ab9\" data-element_type=\"column\">\n\t\t\t<div class=\"elementor-widget-wrap elementor-element-populated\">\n\t\t\t\t\t\t<div class=\"elementor-element elementor-element-8b76604 elementor-mobile-align-center elementor-align-left elementor-widget elementor-widget-raven-heading\" data-id=\"8b76604\" data-element_type=\"widget\" data-widget_type=\"raven-heading.default\">\n\t\t\t\t<div class=\"elementor-widget-container\">\n\t\t\t\t\t\t\t<div class=\"raven-widget-wrapper\"><h1 class=\"raven-heading raven-heading-h1\"><span class=\"raven-heading-title \">REQUEST YOUR APPRAISAL<\/span><\/h1><\/div>\r\n\t\t\t\t\t\t<\/div>\n\t\t\t\t<\/div>\n\t\t\t\t<div class=\"elementor-element elementor-element-0573e31 elementor-mobile-align-center elementor-align-flex-start elementor-widget elementor-widget-raven-breadcrumbs\" data-id=\"0573e31\" data-element_type=\"widget\" data-widget_type=\"raven-breadcrumbs.default\">\n\t\t\t\t<div class=\"elementor-widget-container\">\n\t\t\t\t\t<div class=\"raven-breadcrumbs raven-breadcrumbs-yoast\"><div id=\"breadcrumbs\"><span><span><a href=\"https:\/\/www.tecnitasa.es\/en\/home-new\/\">TECNITASA<\/a><\/span><\/span><\/div><\/div>\t\t\t\t<\/div>\n\t\t\t\t<\/div>\n\t\t\t\t\t<\/div>\n\t\t<\/div>\n\t\t\t\t\t<\/div>\n\t\t<\/section>\n\t\t\t\t<section class=\"elementor-section elementor-top-section elementor-element elementor-element-32700de elementor-section-boxed elementor-section-height-default elementor-section-height-default\" data-id=\"32700de\" data-element_type=\"section\" data-settings=\"{&quot;jet_parallax_layout_list&quot;:[{&quot;jet_parallax_layout_image&quot;:{&quot;url&quot;:&quot;&quot;,&quot;id&quot;:&quot;&quot;,&quot;size&quot;:&quot;&quot;},&quot;_id&quot;:&quot;fe20d13&quot;,&quot;jet_parallax_layout_image_tablet&quot;:{&quot;url&quot;:&quot;&quot;,&quot;id&quot;:&quot;&quot;,&quot;size&quot;:&quot;&quot;},&quot;jet_parallax_layout_image_mobile&quot;:{&quot;url&quot;:&quot;&quot;,&quot;id&quot;:&quot;&quot;,&quot;size&quot;:&quot;&quot;},&quot;jet_parallax_layout_speed&quot;:{&quot;unit&quot;:&quot;%&quot;,&quot;size&quot;:50,&quot;sizes&quot;:[]},&quot;jet_parallax_layout_type&quot;:&quot;scroll&quot;,&quot;jet_parallax_layout_direction&quot;:&quot;1&quot;,&quot;jet_parallax_layout_fx_direction&quot;:null,&quot;jet_parallax_layout_z_index&quot;:&quot;&quot;,&quot;jet_parallax_layout_bg_x&quot;:50,&quot;jet_parallax_layout_bg_x_tablet&quot;:&quot;&quot;,&quot;jet_parallax_layout_bg_x_mobile&quot;:&quot;&quot;,&quot;jet_parallax_layout_bg_y&quot;:50,&quot;jet_parallax_layout_bg_y_tablet&quot;:&quot;&quot;,&quot;jet_parallax_layout_bg_y_mobile&quot;:&quot;&quot;,&quot;jet_parallax_layout_bg_size&quot;:&quot;auto&quot;,&quot;jet_parallax_layout_bg_size_tablet&quot;:&quot;&quot;,&quot;jet_parallax_layout_bg_size_mobile&quot;:&quot;&quot;,&quot;jet_parallax_layout_animation_prop&quot;:&quot;transform&quot;,&quot;jet_parallax_layout_on&quot;:[&quot;desktop&quot;,&quot;tablet&quot;]}]}\">\n\t\t\t\t\t\t<div class=\"elementor-container elementor-column-gap-default\">\n\t\t\t\t\t<div class=\"elementor-column elementor-col-100 elementor-top-column elementor-element elementor-element-263255d\" data-id=\"263255d\" data-element_type=\"column\">\n\t\t\t<div class=\"elementor-widget-wrap elementor-element-populated\">\n\t\t\t\t\t\t<div class=\"elementor-element elementor-element-13cc7d9 elementor-widget elementor-widget-shortcode\" data-id=\"13cc7d9\" data-element_type=\"widget\" data-widget_type=\"shortcode.default\">\n\t\t\t\t<div class=\"elementor-widget-container\">\n\t\t\t\t\t\t\t<div class=\"elementor-shortcode\">[catastro_form]<\/div>\n\t\t\t\t\t\t<\/div>\n\t\t\t\t<\/div>\n\t\t\t\t\t<\/div>\n\t\t<\/div>\n\t\t\t\t\t<\/div>\n\t\t<\/section>\n\t\t\t\t<\/div>\n\t\t","protected":false},"excerpt":{"rendered":"<p>REQUEST YOUR APPRAISAL TECNITASA [catastro_form]<\/p>\n","protected":false},"author":1,"featured_media":0,"parent":0,"menu_order":0,"comment_status":"closed","ping_status":"closed","template":"elementor_header_footer","meta":{"_acf_changed":false,"footnotes":""},"class_list":["post-10790","page","type-page","status-publish","hentry"],"acf":[],"yoast_head":"<!-- This site is optimized with the Yoast SEO plugin v25.7 - https:\/\/yoast.com\/wordpress\/plugins\/seo\/ -->\n<title>Request your appraisal - Grupo Tecnitasa<\/title>\n<meta name=\"robots\" content=\"index, follow, max-snippet:-1, max-image-preview:large, max-video-preview:-1\" \/>\n<link rel=\"canonical\" href=\"https:\/\/www.tecnitasa.es\/solicita-tu-tasacion\/\" \/>\n<meta property=\"og:locale\" content=\"en_US\" \/>\n<meta property=\"og:type\" content=\"article\" \/>\n<meta property=\"og:title\" content=\"Request your appraisal - Grupo Tecnitasa\" \/>\n<meta property=\"og:description\" content=\"REQUEST YOUR APPRAISAL TECNITASA [catastro_form]\" \/>\n<meta property=\"og:url\" content=\"https:\/\/www.tecnitasa.es\/solicita-tu-tasacion\/\" \/>\n<meta property=\"og:site_name\" content=\"Grupo Tecnitasa\" \/>\n<meta property=\"article:modified_time\" content=\"2023-12-24T10:35:41+00:00\" \/>\n<meta name=\"twitter:card\" content=\"summary_large_image\" \/>\n<script type=\"application\/ld+json\" class=\"yoast-schema-graph\">{\"@context\":\"https:\/\/schema.org\",\"@graph\":[{\"@type\":\"WebPage\",\"@id\":\"https:\/\/www.tecnitasa.es\/solicita-tu-tasacion\/\",\"url\":\"https:\/\/www.tecnitasa.es\/solicita-tu-tasacion\/\",\"name\":\"Request your appraisal - Grupo Tecnitasa\",\"isPartOf\":{\"@id\":\"https:\/\/www.tecnitasa.es\/#website\"},\"datePublished\":\"2021-01-11T20:16:57+00:00\",\"dateModified\":\"2023-12-24T10:35:41+00:00\",\"breadcrumb\":{\"@id\":\"https:\/\/www.tecnitasa.es\/solicita-tu-tasacion\/#breadcrumb\"},\"inLanguage\":\"en-US\",\"potentialAction\":[{\"@type\":\"ReadAction\",\"target\":[\"https:\/\/www.tecnitasa.es\/solicita-tu-tasacion\/\"]}]},{\"@type\":\"BreadcrumbList\",\"@id\":\"https:\/\/www.tecnitasa.es\/solicita-tu-tasacion\/#breadcrumb\",\"itemListElement\":[{\"@type\":\"ListItem\",\"position\":1,\"name\":\"TECNITASA\",\"item\":\"https:\/\/www.tecnitasa.es\/en\/home-new\/\"},{\"@type\":\"ListItem\",\"position\":2,\"name\":\"Request your appraisal\"}]},{\"@type\":\"WebSite\",\"@id\":\"https:\/\/www.tecnitasa.es\/#website\",\"url\":\"https:\/\/www.tecnitasa.es\/\",\"name\":\"Grupo Tecnitasa\",\"description\":\"Valoraci\u00f3n, Tasaci\u00f3n, Consultor\u00eda y Sostenibilidad.\",\"publisher\":{\"@id\":\"https:\/\/www.tecnitasa.es\/#organization\"},\"potentialAction\":[{\"@type\":\"SearchAction\",\"target\":{\"@type\":\"EntryPoint\",\"urlTemplate\":\"https:\/\/www.tecnitasa.es\/?s={search_term_string}\"},\"query-input\":{\"@type\":\"PropertyValueSpecification\",\"valueRequired\":true,\"valueName\":\"search_term_string\"}}],\"inLanguage\":\"en-US\"},{\"@type\":\"Organization\",\"@id\":\"https:\/\/www.tecnitasa.es\/#organization\",\"name\":\"TECNITASA\",\"url\":\"https:\/\/www.tecnitasa.es\/\",\"logo\":{\"@type\":\"ImageObject\",\"inLanguage\":\"en-US\",\"@id\":\"https:\/\/www.tecnitasa.es\/#\/schema\/logo\/image\/\",\"url\":\"https:\/\/www.tecnitasa.es\/wp-content\/uploads\/2021\/11\/logo-tecnitasa-rojo.png\",\"contentUrl\":\"https:\/\/www.tecnitasa.es\/wp-content\/uploads\/2021\/11\/logo-tecnitasa-rojo.png\",\"width\":500,\"height\":70,\"caption\":\"TECNITASA\"},\"image\":{\"@id\":\"https:\/\/www.tecnitasa.es\/#\/schema\/logo\/image\/\"}}]}<\/script>\n<!-- \/ Yoast SEO plugin. -->","yoast_head_json":{"title":"Request your appraisal - Grupo Tecnitasa","robots":{"index":"index","follow":"follow","max-snippet":"max-snippet:-1","max-image-preview":"max-image-preview:large","max-video-preview":"max-video-preview:-1"},"canonical":"https:\/\/www.tecnitasa.es\/solicita-tu-tasacion\/","og_locale":"en_US","og_type":"article","og_title":"Request your appraisal - Grupo Tecnitasa","og_description":"REQUEST YOUR APPRAISAL TECNITASA [catastro_form]","og_url":"https:\/\/www.tecnitasa.es\/solicita-tu-tasacion\/","og_site_name":"Grupo Tecnitasa","article_modified_time":"2023-12-24T10:35:41+00:00","twitter_card":"summary_large_image","schema":{"@context":"https:\/\/schema.org","@graph":[{"@type":"WebPage","@id":"https:\/\/www.tecnitasa.es\/solicita-tu-tasacion\/","url":"https:\/\/www.tecnitasa.es\/solicita-tu-tasacion\/","name":"Request your appraisal - Grupo Tecnitasa","isPartOf":{"@id":"https:\/\/www.tecnitasa.es\/#website"},"datePublished":"2021-01-11T20:16:57+00:00","dateModified":"2023-12-24T10:35:41+00:00","breadcrumb":{"@id":"https:\/\/www.tecnitasa.es\/solicita-tu-tasacion\/#breadcrumb"},"inLanguage":"en-US","potentialAction":[{"@type":"ReadAction","target":["https:\/\/www.tecnitasa.es\/solicita-tu-tasacion\/"]}]},{"@type":"BreadcrumbList","@id":"https:\/\/www.tecnitasa.es\/solicita-tu-tasacion\/#breadcrumb","itemListElement":[{"@type":"ListItem","position":1,"name":"TECNITASA","item":"https:\/\/www.tecnitasa.es\/en\/home-new\/"},{"@type":"ListItem","position":2,"name":"Request your appraisal"}]},{"@type":"WebSite","@id":"https:\/\/www.tecnitasa.es\/#website","url":"https:\/\/www.tecnitasa.es\/","name":"Grupo Tecnitasa","description":"Valoraci\u00f3n, Tasaci\u00f3n, Consultor\u00eda y Sostenibilidad.","publisher":{"@id":"https:\/\/www.tecnitasa.es\/#organization"},"potentialAction":[{"@type":"SearchAction","target":{"@type":"EntryPoint","urlTemplate":"https:\/\/www.tecnitasa.es\/?s={search_term_string}"},"query-input":{"@type":"PropertyValueSpecification","valueRequired":true,"valueName":"search_term_string"}}],"inLanguage":"en-US"},{"@type":"Organization","@id":"https:\/\/www.tecnitasa.es\/#organization","name":"TECNITASA","url":"https:\/\/www.tecnitasa.es\/","logo":{"@type":"ImageObject","inLanguage":"en-US","@id":"https:\/\/www.tecnitasa.es\/#\/schema\/logo\/image\/","url":"https:\/\/www.tecnitasa.es\/wp-content\/uploads\/2021\/11\/logo-tecnitasa-rojo.png","contentUrl":"https:\/\/www.tecnitasa.es\/wp-content\/uploads\/2021\/11\/logo-tecnitasa-rojo.png","width":500,"height":70,"caption":"TECNITASA"},"image":{"@id":"https:\/\/www.tecnitasa.es\/#\/schema\/logo\/image\/"}}]}},"_links":{"self":[{"href":"https:\/\/www.tecnitasa.es\/en\/wp-json\/wp\/v2\/pages\/10790","targetHints":{"allow":["GET"]}}],"collection":[{"href":"https:\/\/www.tecnitasa.es\/en\/wp-json\/wp\/v2\/pages"}],"about":[{"href":"https:\/\/www.tecnitasa.es\/en\/wp-json\/wp\/v2\/types\/page"}],"author":[{"embeddable":true,"href":"https:\/\/www.tecnitasa.es\/en\/wp-json\/wp\/v2\/users\/1"}],"replies":[{"embeddable":true,"href":"https:\/\/www.tecnitasa.es\/en\/wp-json\/wp\/v2\/comments?post=10790"}],"version-history":[{"count":0,"href":"https:\/\/www.tecnitasa.es\/en\/wp-json\/wp\/v2\/pages\/10790\/revisions"}],"wp:attachment":[{"href":"https:\/\/www.tecnitasa.es\/en\/wp-json\/wp\/v2\/media?parent=10790"}],"curies":[{"name":"wp","href":"https:\/\/api.w.org\/{rel}","templated":true}]}}